{"id":236,"date":"2011-03-22T11:30:09","date_gmt":"2011-03-22T11:30:09","guid":{"rendered":"http:\/\/angelservice-jubelt.de\/?page_id=236"},"modified":"2019-03-06T13:22:04","modified_gmt":"2019-03-06T13:22:04","slug":"links","status":"publish","type":"page","link":"http:\/\/angelservice-jubelt.de\/?page_id=236","title":{"rendered":"Links"},"content":{"rendered":"<p><img decoding=\"async\" loading=\"lazy\" class=\"alignleft size-full wp-image-8926\" src=\"http:\/\/angelservice-jubelt.de\/wp-content\/uploads\/2019\/03\/Angelpedia-Logo.jpg\" alt=\"\" width=\"130\" height=\"123\">Hier finden Sie meine H\u00e4ndler\/ Partner\/ Firmen\/ Vereine &#8230;. rund ums Angeln.<\/p>\n<h3>Wichtiger Hinweis in eigener Sache!!<\/h3>\n<p>Laut Gerichtsurteil k\u00f6nnen Webmaster einer Homepage im Internet, auch f\u00fcr Inhalte aller anderen Webseiten verantwortlich gemacht werden, zu denen von dieser Homepage ein Link verzweigt bzw. hinf\u00fchrt. Dies kann zur Folge haben, dass die Betreiber von Webseiten jederzeit mit einer Klage rechnen m\u00fcssen! Es wird deshalb hier ausdr\u00fccklich darauf hingewiesen, dass der Betreiber dieser Webseite NICHT f\u00fcr die Inhalte der jeweiligen, verzweigten bzw. hinf\u00fchrenden Webseiten und deren weiteren Verzweigungen, jeglicher Art, verantwortlich gemacht werden kann. Ich erkl\u00e4re daher, dass ich mich f\u00fcr die Inhalte von diesen anderen Webseiten NICHT verantwortlich zeichne und distanziere mich hiervon. F\u00fcr unangefordert eingeschicktes Material kann keine Haftung \u00fcbernommen werden.<\/p>\n<p>Wer sich verlinken m\u00f6chte, bitte eines dieser Logos benutzen: <a title=\"R\u00fcgen-Angeltouren\" href=\"http:\/\/angelservice-jubelt.de\/\"><img decoding=\"async\" loading=\"lazy\" class=\"aligncenter size-medium wp-image-2339\" title=\"Banner_550_GuidoJubelt_SCHWARZ\" src=\"http:\/\/angelservice-jubelt.de\/wp-content\/uploads\/2011\/03\/Banner_550_GuidoJubelt_SCHWARZ-300x119.jpg\" alt=\"\" width=\"300\" height=\"119\" srcset=\"http:\/\/angelservice-jubelt.de\/wp-content\/uploads\/2011\/03\/Banner_550_GuidoJubelt_SCHWARZ-300x119.jpg 300w, http:\/\/angelservice-jubelt.de\/wp-content\/uploads\/2011\/03\/Banner_550_GuidoJubelt_SCHWARZ.jpg 550w\" sizes=\"(max-width: 300px) 100vw, 300px\" \/><\/a><a title=\"Bodden-Angeln\" href=\"http:\/\/angelservice-jubelt.de\/\"><img decoding=\"async\" loading=\"lazy\" class=\"aligncenter size-medium wp-image-2340\" title=\"Banner_550_GuidoJubelt_WEISS\" src=\"http:\/\/angelservice-jubelt.de\/wp-content\/uploads\/2011\/03\/Banner_550_GuidoJubelt_WEISS-300x119.jpg\" alt=\"\" width=\"300\" height=\"119\" srcset=\"http:\/\/angelservice-jubelt.de\/wp-content\/uploads\/2011\/03\/Banner_550_GuidoJubelt_WEISS-300x119.jpg 300w, http:\/\/angelservice-jubelt.de\/wp-content\/uploads\/2011\/03\/Banner_550_GuidoJubelt_WEISS.jpg 550w\" sizes=\"(max-width: 300px) 100vw, 300px\" \/><\/a>Nachfolgend m\u00f6chte ich Ihnen einige Partnerseiten vorstellen.<\/p>\n<p><a title=\"Fox Rage Team R\u00fcgen\" href=\"http:\/\/www.foxrage.com\/\" target=\"_blank\" rel=\"noopener\"><img decoding=\"async\" loading=\"lazy\" class=\"size-full wp-image-4560 aligncenter\" title=\"Download\" src=\"http:\/\/angelservice-jubelt.de\/wp-content\/uploads\/2011\/03\/Download1.png\" alt=\"\" width=\"205\" height=\"154\"><\/a>&nbsp;<a title=\"Fox Rage Angeltouren Ruegen\" href=\"http:\/\/www.foxrage.com\/\" target=\"_blank\" rel=\"noopener\"><img decoding=\"async\" loading=\"lazy\" class=\"alignright size-full wp-image-4561\" title=\"Download (1)\" src=\"http:\/\/angelservice-jubelt.de\/wp-content\/uploads\/2011\/03\/Download-1.png\" alt=\"\" width=\"478\" height=\"105\" srcset=\"http:\/\/angelservice-jubelt.de\/wp-content\/uploads\/2011\/03\/Download-1.png 478w, http:\/\/angelservice-jubelt.de\/wp-content\/uploads\/2011\/03\/Download-1-300x65.png 300w\" sizes=\"(max-width: 478px) 100vw, 478px\" \/><\/a><\/p>\n<p><a title=\"bissclips-ruegen-Angeln\" href=\"http:\/\/www.salmo-fishing.com\/de\/\" target=\"_blank\" rel=\"noopener\"><img decoding=\"async\" src=\"http:\/\/www.salmo-fishing.com\/images\/logo.jpg\" alt=\"Salmo\"><\/a><\/p>\n<p><a title=\"angeltouren-Ruegen\" href=\"https:\/\/beisslust.de\/\" target=\"_blank\" rel=\"noopener\"><img decoding=\"async\" loading=\"lazy\" class=\"alignleft size-full wp-image-239\" title=\"AdventureBanner\" src=\"http:\/\/angelservice-jubelt.de\/wp-content\/uploads\/2011\/03\/AdventureBanner1.gif\" alt=\"\" width=\"479\" height=\"54\" srcset=\"http:\/\/angelservice-jubelt.de\/wp-content\/uploads\/2011\/03\/AdventureBanner1.gif 479w, http:\/\/angelservice-jubelt.de\/wp-content\/uploads\/2011\/03\/AdventureBanner1-300x33.gif 300w\" sizes=\"(max-width: 479px) 100vw, 479px\" \/><\/a><\/p>\n<p><a title=\"Angeln-Ostsee\" href=\"http:\/\/www.fishermans-partner.eu\/\" target=\"_blank\" rel=\"noopener\"><img decoding=\"async\" loading=\"lazy\" class=\"alignleft size-full wp-image-240\" title=\"FPalle\" src=\"http:\/\/angelservice-jubelt.de\/wp-content\/uploads\/2011\/03\/FPalle.jpg\" alt=\"\" width=\"254\" height=\"150\"><\/a><\/p>\n<p><a title=\"Rute-und-Rolle-Angelservice-Jubelt\" href=\"http:\/\/www.ruteundrolle.de\/\" target=\"_blank\" rel=\"noopener\"><img decoding=\"async\" loading=\"lazy\" class=\"alignleft size-full wp-image-258\" title=\"Rute&amp;Rolle\" src=\"http:\/\/angelservice-jubelt.de\/wp-content\/uploads\/2011\/03\/RuteRolle.jpg\" alt=\"\" width=\"424\" height=\"154\"><\/a><\/p>\n<p>&nbsp;<\/p>\n<p>&nbsp;<\/p>\n<p>&nbsp;<\/p>\n<p><a href=\"http:\/\/www.angel-ussat.de\/\" target=\"_blank\" rel=\"noopener\"><img decoding=\"async\" loading=\"lazy\" class=\"alignleft size-full wp-image-244\" title=\"angelnde-banner\" src=\"http:\/\/angelservice-jubelt.de\/wp-content\/uploads\/2011\/03\/angelnde-banner.jpg\" alt=\"\" width=\"468\" height=\"60\" srcset=\"http:\/\/angelservice-jubelt.de\/wp-content\/uploads\/2011\/03\/angelnde-banner.jpg 468w, http:\/\/angelservice-jubelt.de\/wp-content\/uploads\/2011\/03\/angelnde-banner-300x38.jpg 300w\" sizes=\"(max-width: 468px) 100vw, 468px\" \/><\/a><\/p>\n<p><a href=\"http:\/\/www.internationale-angelgeraete.de\/\"><img decoding=\"async\" loading=\"lazy\" class=\"alignleft size-full wp-image-245\" title=\"logo_tetzlaff_2mal\" src=\"http:\/\/angelservice-jubelt.de\/wp-content\/uploads\/2011\/03\/logo_tetzlaff_2mal.jpg\" alt=\"\" width=\"367\" height=\"222\" srcset=\"http:\/\/angelservice-jubelt.de\/wp-content\/uploads\/2011\/03\/logo_tetzlaff_2mal.jpg 367w, http:\/\/angelservice-jubelt.de\/wp-content\/uploads\/2011\/03\/logo_tetzlaff_2mal-300x181.jpg 300w\" sizes=\"(max-width: 367px) 100vw, 367px\" \/><\/a><\/p>\n<p><a href=\"http:\/\/www.xxl-angeln.de\/\"><img decoding=\"async\" loading=\"lazy\" class=\"alignleft size-full wp-image-246\" title=\"banner-xxl\" src=\"http:\/\/angelservice-jubelt.de\/wp-content\/uploads\/2011\/03\/banner-xxl.jpg\" alt=\"\" width=\"430\" height=\"60\" srcset=\"http:\/\/angelservice-jubelt.de\/wp-content\/uploads\/2011\/03\/banner-xxl.jpg 430w, http:\/\/angelservice-jubelt.de\/wp-content\/uploads\/2011\/03\/banner-xxl-300x41.jpg 300w\" sizes=\"(max-width: 430px) 100vw, 430px\" \/><\/a><\/p>\n<p><a href=\"http:\/\/www.lowrance.de\/de\/\"><img decoding=\"async\" loading=\"lazy\" class=\"alignleft size-full wp-image-247\" title=\"lowrance_eagle\" src=\"http:\/\/angelservice-jubelt.de\/wp-content\/uploads\/2011\/03\/lowrance_eagle.jpg\" alt=\"\" width=\"120\" height=\"75\"><\/a><\/p>\n<p><img decoding=\"async\" loading=\"lazy\" class=\"aligncenter size-full wp-image-2645\" title=\"bc_logo\" src=\"http:\/\/angelservice-jubelt.de\/wp-content\/uploads\/2011\/03\/bc_logo.png\" alt=\"\" width=\"176\" height=\"56\"><\/p>\n<p><a href=\"http:\/\/www.tackle-center.de\/\"><img decoding=\"async\" loading=\"lazy\" class=\"alignleft size-full wp-image-249\" title=\"tackle-logo\" src=\"http:\/\/angelservice-jubelt.de\/wp-content\/uploads\/2011\/03\/tackle-logo.jpg\" alt=\"\" width=\"174\" height=\"162\"><\/a><\/p>\n<p><a href=\"http:\/\/www.angelsport-interfisch.de\/\"><img decoding=\"async\" loading=\"lazy\" class=\"alignleft size-full wp-image-250\" title=\"Laden_Lageplan_Geb_udeBarbing\" src=\"http:\/\/angelservice-jubelt.de\/wp-content\/uploads\/2011\/03\/Laden_Lageplan_Geb_udeBarbing.jpg\" alt=\"\" width=\"340\" height=\"186\" srcset=\"http:\/\/angelservice-jubelt.de\/wp-content\/uploads\/2011\/03\/Laden_Lageplan_Geb_udeBarbing.jpg 340w, http:\/\/angelservice-jubelt.de\/wp-content\/uploads\/2011\/03\/Laden_Lageplan_Geb_udeBarbing-300x164.jpg 300w\" sizes=\"(max-width: 340px) 100vw, 340px\" \/><\/a><\/p>\n<p><a href=\"http:\/\/www.deutscherhechtangler-club.de\/\"><img decoding=\"async\" loading=\"lazy\" class=\"alignleft size-full wp-image-251\" title=\"dhc-banner\" src=\"http:\/\/angelservice-jubelt.de\/wp-content\/uploads\/2011\/03\/dhc-banner.jpg\" alt=\"\" width=\"120\" height=\"96\"><\/a><a title=\"pike-patrol-jubelt\" href=\"http:\/\/www.pike-patrol.com\/\"><img decoding=\"async\" loading=\"lazy\" class=\"alignleft size-full wp-image-252\" title=\"pike_logo\" src=\"http:\/\/angelservice-jubelt.de\/wp-content\/uploads\/2011\/03\/pike_logo.jpg\" alt=\"\" width=\"534\" height=\"190\" srcset=\"http:\/\/angelservice-jubelt.de\/wp-content\/uploads\/2011\/03\/pike_logo.jpg 534w, http:\/\/angelservice-jubelt.de\/wp-content\/uploads\/2011\/03\/pike_logo-300x106.jpg 300w\" sizes=\"(max-width: 534px) 100vw, 534px\" \/><\/a><\/p>\n<p><a title=\"angeljoe\" href=\"http:\/\/www.angeljoe.de\/angelgeschaeft-_-10.html\"><img decoding=\"async\" loading=\"lazy\" class=\"aligncenter size-full wp-image-3099\" title=\"logo\" src=\"http:\/\/angelservice-jubelt.de\/wp-content\/uploads\/2011\/03\/logo1.jpg\" alt=\"\" width=\"399\" height=\"115\" srcset=\"http:\/\/angelservice-jubelt.de\/wp-content\/uploads\/2011\/03\/logo1.jpg 399w, http:\/\/angelservice-jubelt.de\/wp-content\/uploads\/2011\/03\/logo1-300x86.jpg 300w\" sizes=\"(max-width: 399px) 100vw, 399px\" \/><\/a><\/p>\n<p><a href=\"http:\/\/www.angelsport-zoeller.de\/afg\/angebot.htm\"><img decoding=\"async\" loading=\"lazy\" class=\"alignleft size-full wp-image-253\" title=\"head_FPZ\" src=\"http:\/\/angelservice-jubelt.de\/wp-content\/uploads\/2011\/03\/head_FPZ1.jpg\" alt=\"\" width=\"500\" height=\"81\" srcset=\"http:\/\/angelservice-jubelt.de\/wp-content\/uploads\/2011\/03\/head_FPZ1.jpg 500w, http:\/\/angelservice-jubelt.de\/wp-content\/uploads\/2011\/03\/head_FPZ1-300x48.jpg 300w\" sizes=\"(max-width: 500px) 100vw, 500px\" \/><\/a><\/p>\n<p>&nbsp;<\/p>\n<p>&nbsp;<\/p>\n<p><a title=\"Schlageter-echolot-guido-jubelt\" href=\"http:\/\/www.angel-schlageter.de\/#1\"><img decoding=\"async\" loading=\"lazy\" class=\"aligncenter size-full wp-image-2547\" title=\"echolotzentrum_550pixel\" src=\"http:\/\/angelservice-jubelt.de\/wp-content\/uploads\/2011\/03\/echolotzentrum_550pixel.jpg\" alt=\"\" width=\"500\" height=\"185\" srcset=\"http:\/\/angelservice-jubelt.de\/wp-content\/uploads\/2011\/03\/echolotzentrum_550pixel.jpg 500w, http:\/\/angelservice-jubelt.de\/wp-content\/uploads\/2011\/03\/echolotzentrum_550pixel-300x111.jpg 300w\" sizes=\"(max-width: 500px) 100vw, 500px\" \/><\/a><\/p>\n<p><a href=\"http:\/\/www.fischradar.com\/\"><img decoding=\"async\" loading=\"lazy\" class=\"alignleft size-full wp-image-255\" title=\"fischradar_468x60\" src=\"http:\/\/angelservice-jubelt.de\/wp-content\/uploads\/2011\/03\/fischradar_468x60.jpg\" alt=\"\" width=\"468\" height=\"60\" srcset=\"http:\/\/angelservice-jubelt.de\/wp-content\/uploads\/2011\/03\/fischradar_468x60.jpg 468w, http:\/\/angelservice-jubelt.de\/wp-content\/uploads\/2011\/03\/fischradar_468x60-300x38.jpg 300w\" sizes=\"(max-width: 468px) 100vw, 468px\" \/><\/a><\/p>\n<p><a title=\"Barsch-Alarm-Angelservice-jubelt\" href=\"http:\/\/barsch-alarm.de\/index.php\" target=\"_blank\" rel=\"noopener\"><img decoding=\"async\" loading=\"lazy\" class=\"aligncenter size-full wp-image-2636\" title=\"logoBarsch-alarm\" src=\"http:\/\/angelservice-jubelt.de\/wp-content\/uploads\/2011\/03\/logoBarsch-alarm.gif\" alt=\"\" width=\"450\" height=\"79\" srcset=\"http:\/\/angelservice-jubelt.de\/wp-content\/uploads\/2011\/03\/logoBarsch-alarm.gif 450w, http:\/\/angelservice-jubelt.de\/wp-content\/uploads\/2011\/03\/logoBarsch-alarm-300x52.gif 300w\" sizes=\"(max-width: 450px) 100vw, 450px\" \/><\/a><\/p>\n<p><a href=\"http:\/\/www.wrackangeln.de\/\"><img decoding=\"async\" loading=\"lazy\" class=\"alignleft size-full wp-image-256\" title=\"Wrackangeln500+80\" src=\"http:\/\/angelservice-jubelt.de\/wp-content\/uploads\/2011\/03\/Wrackangeln500+80.gif\" alt=\"\" width=\"500\" height=\"60\" srcset=\"http:\/\/angelservice-jubelt.de\/wp-content\/uploads\/2011\/03\/Wrackangeln500+80.gif 500w, http:\/\/angelservice-jubelt.de\/wp-content\/uploads\/2011\/03\/Wrackangeln500+80-300x36.gif 300w\" sizes=\"(max-width: 500px) 100vw, 500px\" \/><\/a><a title=\"Holzerland-R\u00fcgen-Angeln\" href=\"http:\/\/www.angelzentrum-ruegen.de\/\"><img decoding=\"async\" loading=\"lazy\" class=\"aligncenter size-full wp-image-2367\" title=\"Holzerland\" src=\"http:\/\/angelservice-jubelt.de\/wp-content\/uploads\/2011\/03\/Holzerland.jpg\" alt=\"\" width=\"284\" height=\"123\"><\/a><\/p>\n<p><a title=\"angeln-ruegen\" href=\"http:\/\/www.angeln-ruegen.de\/index.html\"><img decoding=\"async\" loading=\"lazy\" class=\"aligncenter size-medium wp-image-2392\" title=\"angelfachgeschaeft-ruegen\" src=\"http:\/\/angelservice-jubelt.de\/wp-content\/uploads\/2011\/03\/angelfachgeschaeft-ruegen-300x67.gif\" alt=\"\" width=\"300\" height=\"67\" srcset=\"http:\/\/angelservice-jubelt.de\/wp-content\/uploads\/2011\/03\/angelfachgeschaeft-ruegen-300x67.gif 300w, http:\/\/angelservice-jubelt.de\/wp-content\/uploads\/2011\/03\/angelfachgeschaeft-ruegen.gif 500w\" sizes=\"(max-width: 300px) 100vw, 300px\" \/><\/a><\/p>\n<p><a href=\"http:\/\/www.fish-maps.de\/\"><img decoding=\"async\" loading=\"lazy\" class=\"alignleft size-full wp-image-257\" title=\"fishmap\" src=\"http:\/\/angelservice-jubelt.de\/wp-content\/uploads\/2011\/03\/fishmap.gif\" alt=\"\" width=\"468\" height=\"60\" srcset=\"http:\/\/angelservice-jubelt.de\/wp-content\/uploads\/2011\/03\/fishmap.gif 468w, http:\/\/angelservice-jubelt.de\/wp-content\/uploads\/2011\/03\/fishmap-300x38.gif 300w\" sizes=\"(max-width: 468px) 100vw, 468px\" \/><\/a><\/p>\n<p>&nbsp;<\/p>\n<p><a href=\"http:\/\/www.baitandboat.de\/shop\/start\"><img decoding=\"async\" loading=\"lazy\" class=\"alignleft size-medium wp-image-259\" title=\"bbbbb\" src=\"http:\/\/angelservice-jubelt.de\/wp-content\/uploads\/2011\/03\/bbbbb-300x55.jpg\" alt=\"\" width=\"300\" height=\"55\" srcset=\"http:\/\/angelservice-jubelt.de\/wp-content\/uploads\/2011\/03\/bbbbb-300x55.jpg 300w, http:\/\/angelservice-jubelt.de\/wp-content\/uploads\/2011\/03\/bbbbb.jpg 841w\" sizes=\"(max-width: 300px) 100vw, 300px\" \/><\/a><\/p>\n<p>&nbsp;<\/p>\n<p><a href=\"https:\/\/fiskado.de\/\" target=\"_blank\" rel=\"noopener\"><img decoding=\"async\" loading=\"lazy\" class=\"alignleft  wp-image-8919\" src=\"http:\/\/angelservice-jubelt.de\/wp-content\/uploads\/2019\/03\/fishandtextlogo.png\" alt=\"\" width=\"343\" height=\"81\" srcset=\"http:\/\/angelservice-jubelt.de\/wp-content\/uploads\/2019\/03\/fishandtextlogo.png 1691w, http:\/\/angelservice-jubelt.de\/wp-content\/uploads\/2019\/03\/fishandtextlogo-300x71.png 300w, http:\/\/angelservice-jubelt.de\/wp-content\/uploads\/2019\/03\/fishandtextlogo-768x181.png 768w, http:\/\/angelservice-jubelt.de\/wp-content\/uploads\/2019\/03\/fishandtextlogo-1024x242.png 1024w\" sizes=\"(max-width: 343px) 100vw, 343px\" \/><img decoding=\"async\" loading=\"lazy\" class=\"alignleft size-full wp-image-262\" title=\"Trollingtreff\" src=\"http:\/\/angelservice-jubelt.de\/wp-content\/uploads\/2011\/03\/Trollingtreff.jpg\" alt=\"\" width=\"346\" height=\"87\" srcset=\"http:\/\/angelservice-jubelt.de\/wp-content\/uploads\/2011\/03\/Trollingtreff.jpg 346w, http:\/\/angelservice-jubelt.de\/wp-content\/uploads\/2011\/03\/Trollingtreff-300x75.jpg 300w\" sizes=\"(max-width: 346px) 100vw, 346px\" \/><\/a><\/p>\n<p>&nbsp;<\/p>\n<p><img decoding=\"async\" loading=\"lazy\" class=\"alignleft size-medium wp-image-260\" title=\"logoElchingen\" src=\"http:\/\/angelservice-jubelt.de\/wp-content\/uploads\/2011\/03\/logoElchingen-300x64.gif\" alt=\"\" width=\"300\" height=\"64\" srcset=\"http:\/\/angelservice-jubelt.de\/wp-content\/uploads\/2011\/03\/logoElchingen-300x64.gif 300w, http:\/\/angelservice-jubelt.de\/wp-content\/uploads\/2011\/03\/logoElchingen.gif 351w\" sizes=\"(max-width: 300px) 100vw, 300px\" \/><a title=\"Dicht am Fisch - Angelservice Jubelt\" href=\"http:\/\/dicht-am-fisch.de\/\" target=\"_blank\" rel=\"noopener\"><br \/>\n<\/a><a title=\"time-for-fishing.de\" href=\"http:\/\/www.fishing-fanatics.de\/\"><img decoding=\"async\" src=\"https:\/\/tools.gmx.net\/thumbnails\/dT1hSFIwY0Rvdkx6TmpMV2R0ZUMxc2FYWmxMbk5sY25abGNpNXNZVzR2YldGcGJDOWpiR2xsYm5RdmFXNTBaWEp1WVd3dllYUjBZV05vYldWdWRDOWtiM2R1Ykc5aFpDOTBZWFIwTUY4eExTMHRkRzFoYVRFek9UVm1NemRoWkRrMU1qTmtPREU3YW5ObGMzTnBiMjVwWkQwM05EWXlNVGt4UTBVMVJEazJNams1TUVFMlJqUkJORU14T0RBNE9EZzVSQzF1TVM1aWN6WXlZZ19fJnc9NTAwMCZoPTExNiZxPTc1JnQ9MTQxMTQ4OTQ3Mw__\" alt=\"\"><br \/>\n<\/a><a title=\"world-fishing-guide-angelservice-jubelt.de\" href=\"https:\/\/www.angelpedia.de\/angelguide-in-deutschland\/\" target=\"_blank\" rel=\"noopener\"><img decoding=\"async\" loading=\"lazy\" class=\"aligncenter size-full wp-image-2619\" title=\"image-png-attachment\" src=\"http:\/\/angelservice-jubelt.de\/wp-content\/uploads\/2011\/03\/image-png-attachment.png\" alt=\"\" width=\"470\" height=\"180\" srcset=\"http:\/\/angelservice-jubelt.de\/wp-content\/uploads\/2011\/03\/image-png-attachment.png 470w, http:\/\/angelservice-jubelt.de\/wp-content\/uploads\/2011\/03\/image-png-attachment-300x114.png 300w\" sizes=\"(max-width: 470px) 100vw, 470px\" \/><img decoding=\"async\" loading=\"lazy\" class=\"alignleft size-full wp-image-8926\" src=\"http:\/\/angelservice-jubelt.de\/wp-content\/uploads\/2019\/03\/Angelpedia-Logo.jpg\" alt=\"\" width=\"130\" height=\"123\"><\/a><a title=\"SeatroutWismar\" href=\"http:\/\/seatrouthunter.de\/\" target=\"_blank\" rel=\"noopener\"><img decoding=\"async\" loading=\"lazy\" class=\"aligncenter size-full wp-image-2352\" title=\"seatrouthunter\" src=\"http:\/\/angelservice-jubelt.de\/wp-content\/uploads\/2011\/03\/seatrouthunter.jpg\" alt=\"\" width=\"467\" height=\"60\" srcset=\"http:\/\/angelservice-jubelt.de\/wp-content\/uploads\/2011\/03\/seatrouthunter.jpg 467w, http:\/\/angelservice-jubelt.de\/wp-content\/uploads\/2011\/03\/seatrouthunter-300x38.jpg 300w\" sizes=\"(max-width: 467px) 100vw, 467px\" \/><\/a><\/p>\n","protected":false},"excerpt":{"rendered":"<p>Hier finden Sie meine H\u00e4ndler\/ Partner\/ Firmen\/ Vereine &#8230;. rund ums Angeln. Wichtiger Hinweis in eigener Sache!! Laut Gerichtsurteil k\u00f6nnen Webmaster einer Homepage im Internet, auch f\u00fcr Inhalte aller anderen Webseiten verantwortlich gemacht werden, zu denen von dieser Homepage ein &hellip; <a href=\"http:\/\/angelservice-jubelt.de\/?page_id=236\">Weiterlesen <span class=\"meta-nav\">&rarr;<\/span><\/a><\/p>\n","protected":false},"author":1,"featured_media":0,"parent":0,"menu_order":0,"comment_status":"open","ping_status":"open","template":"","meta":[],"_links":{"self":[{"href":"http:\/\/angelservice-jubelt.de\/index.php?rest_route=\/wp\/v2\/pages\/236"}],"collection":[{"href":"http:\/\/angelservice-jubelt.de\/index.php?rest_route=\/wp\/v2\/pages"}],"about":[{"href":"http:\/\/angelservice-jubelt.de\/index.php?rest_route=\/wp\/v2\/types\/page"}],"author":[{"embeddable":true,"href":"http:\/\/angelservice-jubelt.de\/index.php?rest_route=\/wp\/v2\/users\/1"}],"replies":[{"embeddable":true,"href":"http:\/\/angelservice-jubelt.de\/index.php?rest_route=%2Fwp%2Fv2%2Fcomments&post=236"}],"version-history":[{"count":56,"href":"http:\/\/angelservice-jubelt.de\/index.php?rest_route=\/wp\/v2\/pages\/236\/revisions"}],"predecessor-version":[{"id":8930,"href":"http:\/\/angelservice-jubelt.de\/index.php?rest_route=\/wp\/v2\/pages\/236\/revisions\/8930"}],"wp:attachment":[{"href":"http:\/\/angelservice-jubelt.de\/index.php?rest_route=%2Fwp%2Fv2%2Fmedia&parent=236"}],"curies":[{"name":"wp","href":"https:\/\/api.w.org\/{rel}","templated":true}]}}