{"id":225,"date":"2011-03-22T09:11:32","date_gmt":"2011-03-22T09:11:32","guid":{"rendered":"http:\/\/angelservice-jubelt.de\/?page_id=225"},"modified":"2025-08-31T19:06:14","modified_gmt":"2025-08-31T19:06:14","slug":"berichte-geratetipps","status":"publish","type":"page","link":"http:\/\/angelservice-jubelt.de\/?page_id=225","title":{"rendered":"Angeltouren MV &#8211; Kleinseenplatte"},"content":{"rendered":"<p><span style=\"color: #000000; font-size: medium;\"><span style=\"font-family: Arial, sans-serif;\"><span style=\"color: #0000ff;\"><span style=\"color: #0000ff; font-family: Arial, sans-serif; font-size: medium;\"><b>Abenteuer Hausboottouren <span style=\"font-size: 10pt; color: #000000;\">auf Barsch\/Hecht\/Zander\/Karpfen\/Aal auf den Havelgew\u00e4ssern (<a style=\"color: #0000ff;\" href=\"https:\/\/www.fischerei-wesenberg.de\/\" target=\"_blank\" rel=\"noopener\">Fischerei Wesenberg<\/a>) um Wesenberg\/Rheinsberg\/F\u00fcrstenberg\/<\/span><\/b><\/span><span style=\"font-size: 10pt;\"><span style=\"color: #000000;\"><b>Neustrelitz &#8211; <span style=\"color: #0000ff;\"><a style=\"color: #0000ff;\" href=\"https:\/\/www.fischerei-wesenberg.de\/wp-content\/uploads\/2024\/06\/Karte_Druck.pdf\" target=\"_blank\" rel=\"noopener\">Gew\u00e4sserkarte hier\u00a0<\/a> <\/span>&#8211; <a href=\"https:\/\/www.fischerei-wesenberg.de\/angeln\/\" target=\"_blank\" rel=\"noopener\">Angelkarten hier<\/a><\/b><\/span><\/span><\/span><\/span><\/span><\/p>\n<p><img decoding=\"async\" loading=\"lazy\" class=\"alignnone size-full wp-image-12141\" src=\"http:\/\/angelservice-jubelt.de\/wp-content\/uploads\/2025\/04\/News-Angeltouen-MV-Guiding-Jubelt.jpg\" alt=\"\" width=\"500\" height=\"326\" srcset=\"http:\/\/angelservice-jubelt.de\/wp-content\/uploads\/2025\/04\/News-Angeltouen-MV-Guiding-Jubelt.jpg 500w, http:\/\/angelservice-jubelt.de\/wp-content\/uploads\/2025\/04\/News-Angeltouen-MV-Guiding-Jubelt-300x196.jpg 300w\" sizes=\"(max-width: 500px) 100vw, 500px\" \/><\/p>\n<p><span style=\"color: #0000ff;\"><strong><span style=\"font-size: small;\"><span style=\"font-family: Arial, sans-serif;\">Hier gibt es 3 Angebote.<\/span><\/span><\/strong><\/span><\/p>\n<ul>\n<li><span style=\"color: #000000;\"><span style=\"font-size: small;\"><span style=\"font-family: Arial, sans-serif;\"><strong>Eine Tagestour (ca. 9h)<\/strong> .. <span style=\"color: #0000ff;\">Maximal 3 G\u00e4ste an Bord<\/span><\/span><\/span><\/span><\/li>\n<li><span style=\"color: #000000;\"><span style=\"font-size: small;\"><span style=\"font-family: Arial, sans-serif;\"><strong>Eine Ganztagestour mit \u00dcbernachtung (ca. 22 h &#8230; z.B. 10 Uhr bis n\u00e4chsten Morgen 8 Uhr) <\/strong>.. <span style=\"color: #0000ff;\">Maximal 2 G\u00e4ste (Ausnahme ein Erwachsener + 2 Kinder\/Jugendliche)\u00a0<\/span><\/span><\/span><\/span><\/li>\n<li><span style=\"color: #000000;\"><span style=\"font-size: small;\"><span style=\"font-family: Arial, sans-serif;\"><strong>Abenteuertour 3 Tage (ca. 70 h) .. <\/strong><span style=\"color: #0000ff;\">Maximal 2 G\u00e4ste an Bord<\/span><\/span><\/span><\/span><\/li>\n<\/ul>\n<p><span style=\"color: #000000; font-size: small;\"><span style=\"font-family: Arial, sans-serif;\">Voll ausgestattetes Hausboot mit Angelguide, allen Sicherheitsausr\u00fcstungen (Boot, Motor, Benzin, Pfahlanker, \u00dcbernachtung&#8230;) inklusive Benzin f\u00fcr 3 Tage. <span style=\"color: #0000ff;\">Angelger\u00e4t bitte nach Absprache mitbringen. Bei \u00dcbernachtungen Schlafsack\/Essen\/Trinken\/Waschzeug mitbringen (wird vorher besprochen).\u00a0<\/span><\/span><\/span><\/p>\n<p><strong><span style=\"color: #000000;\">Hausboottouren\u00a0 &#8211; Preise pro Person und Tour\u00a0<\/span><\/strong><\/p>\n<table style=\"width: 102.374%; height: 522px;\" border=\"1\" cellspacing=\"0\" cellpadding=\"4\">\n<colgroup>\n<col width=\"98\" \/><\/colgroup>\n<colgroup>\n<col width=\"99\" \/><\/colgroup>\n<colgroup>\n<col width=\"99\" \/><\/colgroup>\n<colgroup>\n<col width=\"99\" \/><\/colgroup>\n<colgroup>\n<col width=\"99\" \/><\/colgroup>\n<colgroup>\n<col width=\"100\" \/><\/colgroup>\n<tbody>\n<tr style=\"height: 88px;\" valign=\"TOP\">\n<td style=\"width: 31.0905%; height: 88px;\" width=\"98\"><span style=\"font-size: small;\">\u00a0Personen an Bord<\/span><\/td>\n<td style=\"width: 20.6497%; height: 88px;\" width=\"99\">\n<p align=\"CENTER\"><span style=\"color: #000000; font-size: small;\"><span style=\"font-family: Arial, sans-serif;\">1<br \/>\nPerson<\/span><\/span><\/p>\n<\/td>\n<td style=\"width: 24.1299%; height: 88px;\" width=\"99\">\n<p align=\"CENTER\"><span style=\"color: #000000; font-size: small;\"><span style=\"font-family: Arial, sans-serif;\">2<br \/>\nPersonen<\/span><\/span><\/p>\n<\/td>\n<td style=\"width: 62.2867%; height: 88px;\" width=\"99\">\n<p align=\"CENTER\"><span style=\"color: #000000; font-size: small;\"><span style=\"font-family: Arial, sans-serif;\">3<br \/>\nPersonen<\/span><\/span><\/p>\n<\/td>\n<\/tr>\n<tr style=\"height: 94px;\" valign=\"TOP\">\n<td style=\"width: 31.0905%; height: 94px;\" width=\"98\">\n<p align=\"CENTER\"><span style=\"color: #000000; font-family: Arial, sans-serif; font-size: small;\">Tagestour\u00a0 \u00a0 \u00a0 \u00a0 \u00a0( ca. 9 h)\u00a0<\/span><\/p>\n<\/td>\n<td style=\"width: 20.6497%; height: 94px;\" width=\"99\">\n<p align=\"CENTER\"><span style=\"color: #008000; font-size: 10pt; font-family: arial, helvetica, sans-serif;\"><span style=\"color: #008000;\">440 \u20ac<\/span><\/span><\/p>\n<\/td>\n<td style=\"width: 24.1299%; height: 94px;\" width=\"99\">\n<p align=\"CENTER\"><span style=\"color: #008000; font-family: arial, helvetica, sans-serif; font-size: 10pt;\">230 \u20ac<\/span><\/p>\n<p align=\"CENTER\"><span style=\"color: #008000; font-family: arial, helvetica, sans-serif; font-size: 10pt;\"> (460 \u20ac\/Tour)<\/span><\/p>\n<\/td>\n<td style=\"width: 62.2867%; height: 94px;\" width=\"99\">\n<p align=\"CENTER\"><span style=\"color: #008000; font-family: arial, helvetica, sans-serif; font-size: 10pt;\">160 \u20ac <\/span><\/p>\n<p align=\"CENTER\"><span style=\"color: #008000; font-family: arial, helvetica, sans-serif; font-size: 10pt;\">(480 \u20ac\/Tour)<\/span><\/p>\n<\/td>\n<\/tr>\n<tr style=\"height: 136px;\">\n<td style=\"width: 31.0905%; height: 136px;\">\n<p align=\"CENTER\"><span style=\"color: #000000; font-family: Arial, sans-serif; font-size: small;\">Ganztagestour mit \u00dcbernachtung (ca. 22 h) &#8230; bitte Schlafsack+Essen und Trinken mitbringen<\/span><\/p>\n<\/td>\n<td style=\"width: 20.6497%; height: 136px;\">\n<p align=\"CENTER\"><span style=\"color: #008000; font-size: 10pt; font-family: arial, helvetica, sans-serif;\"><span style=\"color: #008000;\">580 \u20ac<\/span><\/span><\/p>\n<\/td>\n<td style=\"width: 24.1299%; height: 136px;\">\n<p align=\"CENTER\"><span style=\"color: #008000; font-family: arial, helvetica, sans-serif; font-size: 10pt;\">310 \u20ac <\/span><\/p>\n<p align=\"CENTER\"><span style=\"color: #008000; font-family: arial, helvetica, sans-serif; font-size: 10pt;\">(620 \u20ac\/Tour)<\/span><\/p>\n<\/td>\n<td style=\"width: 62.2867%; height: 136px;\">\n<p align=\"CENTER\"><span style=\"color: #008000; font-family: arial, helvetica, sans-serif; font-size: 10pt;\">220 \u20ac <\/span><\/p>\n<p align=\"CENTER\"><span style=\"color: #008000; font-family: arial, helvetica, sans-serif; font-size: 10pt;\">(660 \u20ac\/Tour)<\/span><\/p>\n<\/td>\n<\/tr>\n<tr style=\"height: 160px;\">\n<td style=\"width: 31.0905%; height: 160px;\">\n<p align=\"CENTER\"><span style=\"color: #000000; font-family: Arial, sans-serif; font-size: small;\">3 &#8211; Tagestour .. maximal 2 G\u00e4ste<\/span><\/p>\n<p align=\"CENTER\"><span style=\"color: #000000; font-family: Arial, sans-serif; font-size: small;\"> (ca. 70 h)<\/span><\/p>\n<\/td>\n<td style=\"width: 20.6497%; height: 160px;\">\n<p align=\"CENTER\"><span style=\"color: #008000; font-size: 10pt; font-family: arial, helvetica, sans-serif;\"><span style=\"color: #008000;\">1605 \u20ac <\/span><\/span><\/p>\n<p align=\"CENTER\"><span style=\"color: #008000; font-size: 10pt; font-family: arial, helvetica, sans-serif;\"><span style=\"color: #008000;\">(535\u00a0 \u20ac\/Tag)<\/span><\/span><\/p>\n<\/td>\n<td style=\"width: 24.1299%; height: 160px;\">\n<p align=\"CENTER\"><span style=\"color: #008000; font-family: arial, helvetica, sans-serif; font-size: 10pt;\">870 \u20ac<\/span><\/p>\n<p align=\"CENTER\"><span style=\"color: #008000; font-family: arial, helvetica, sans-serif; font-size: 10pt;\"> (290 \u20ac\/Tag)<\/span><\/p>\n<\/td>\n<td style=\"width: 62.2867%; height: 160px;\">\n<p align=\"CENTER\"><span style=\"color: #008000; font-family: arial, helvetica, sans-serif; font-size: 10pt;\">nicht m\u00f6glich<\/span><\/p>\n<\/td>\n<\/tr>\n<\/tbody>\n<\/table>\n<p><span style=\"color: #0000ff;\"> <a href=\"http:\/\/angelservice-jubelt.de\/?page_id=210\" target=\"_blank\" rel=\"noopener\">Hier finden Sie die genaue Beschreibung vom Hausboot<\/a>.\u00a0<\/span><\/p>\n<p><span style=\"color: #000000;\">Wer mit \u00dcbernachtung bucht, bringt bitte folgende Sachen mit.<\/span><\/p>\n<p><span style=\"color: #000000;\">Schlafsack, Kopfkissen, ein Lacken\/Spannbettbezug (90cm x 200cm), Waschzeug, Handt\u00fccher, eventuell Angelzeug sowie Essen und Trinken nicht vergessen. Rauchen im Hausboot ist nicht gestattet (extra Raucherbereich drau\u00dfen).<\/span><\/p>\n<p><span style=\"color: #000000;\">Nach der Buchung\/Buchungsbest\u00e4tigung ist eine Anzahlung (ca. 30% zur Best\u00e4tigung) zu t\u00e4tigen. Die Restzahlung ist sp\u00e4tetens 4 Wochen vor der Tour zu \u00fcberweisen.\u00a0<\/span><\/p>\n<p>&nbsp;<\/p>\n","protected":false},"excerpt":{"rendered":"<p>Abenteuer Hausboottouren auf Barsch\/Hecht\/Zander\/Karpfen\/Aal auf den Havelgew\u00e4ssern (Fischerei Wesenberg) um Wesenberg\/Rheinsberg\/F\u00fcrstenberg\/Neustrelitz &#8211; Gew\u00e4sserkarte hier\u00a0 &#8211; Angelkarten hier Hier gibt es 3 Angebote. Eine Tagestour (ca. 9h) .. Maximal 3 G\u00e4ste an Bord Eine Ganztagestour mit \u00dcbernachtung (ca. 22 h &#8230; &hellip; <a href=\"http:\/\/angelservice-jubelt.de\/?page_id=225\">Weiterlesen <span class=\"meta-nav\">&rarr;<\/span><\/a><\/p>\n","protected":false},"author":1,"featured_media":0,"parent":0,"menu_order":0,"comment_status":"open","ping_status":"open","template":"","meta":[],"_links":{"self":[{"href":"http:\/\/angelservice-jubelt.de\/index.php?rest_route=\/wp\/v2\/pages\/225"}],"collection":[{"href":"http:\/\/angelservice-jubelt.de\/index.php?rest_route=\/wp\/v2\/pages"}],"about":[{"href":"http:\/\/angelservice-jubelt.de\/index.php?rest_route=\/wp\/v2\/types\/page"}],"author":[{"embeddable":true,"href":"http:\/\/angelservice-jubelt.de\/index.php?rest_route=\/wp\/v2\/users\/1"}],"replies":[{"embeddable":true,"href":"http:\/\/angelservice-jubelt.de\/index.php?rest_route=%2Fwp%2Fv2%2Fcomments&post=225"}],"version-history":[{"count":22,"href":"http:\/\/angelservice-jubelt.de\/index.php?rest_route=\/wp\/v2\/pages\/225\/revisions"}],"predecessor-version":[{"id":12331,"href":"http:\/\/angelservice-jubelt.de\/index.php?rest_route=\/wp\/v2\/pages\/225\/revisions\/12331"}],"wp:attachment":[{"href":"http:\/\/angelservice-jubelt.de\/index.php?rest_route=%2Fwp%2Fv2%2Fmedia&parent=225"}],"curies":[{"name":"wp","href":"https:\/\/api.w.org\/{rel}","templated":true}]}}