{"id":22,"date":"2011-02-17T14:30:36","date_gmt":"2011-02-17T14:30:36","guid":{"rendered":"http:\/\/angelservice-jubelt.de\/?page_id=22"},"modified":"2019-03-15T18:48:05","modified_gmt":"2019-03-15T18:48:05","slug":"guiding","status":"publish","type":"page","link":"http:\/\/angelservice-jubelt.de\/?page_id=22","title":{"rendered":"Guiding"},"content":{"rendered":"<p>Guiding in Norddeutschland <span style=\"color: #0000ff;\">(R\u00fcgen)<\/span> auf verschiedene Fischarten. Falls Sie einmal eine gef\u00fchrte, fachkundige Angeltour unternehmen m\u00f6chten, sind Sie &nbsp;hier genau richtig. Sie k\u00f6nnen mit mir oder einem meiner Freunde\/Angelguide\u00b4s auf verschiedenste Fischarten angeln. Wir bieten auch verschieden Angellehrg\u00e4nge <span style=\"color: #0000ff;\"><a title=\"angelschule-ruegen-bodden-angeln\" href=\"http:\/\/angelservice-jubelt.de\/?page_id=225\"><span style=\"color: #0000ff;\">(Angelschule-Ruegen)<\/span><\/a><\/span> an.<\/p>\n<p><img decoding=\"async\" loading=\"lazy\" class=\"alignleft size-full wp-image-30\" title=\"Boddenhunter2\" src=\"http:\/\/angelservice-jubelt.de\/wp-content\/uploads\/2011\/02\/Boddenhunter21.jpg\" alt=\"\" width=\"150\" height=\"150\"><img decoding=\"async\" loading=\"lazy\" class=\"alignleft size-full wp-image-34\" title=\"Hafen\" src=\"http:\/\/angelservice-jubelt.de\/wp-content\/uploads\/2011\/02\/Hafen2.jpg\" alt=\"\" width=\"150\" height=\"150\"><img decoding=\"async\" loading=\"lazy\" class=\"alignleft size-full wp-image-35\" title=\"HechtsprungGuiding\" src=\"http:\/\/angelservice-jubelt.de\/wp-content\/uploads\/2011\/02\/HechtsprungGuiding2.jpg\" alt=\"\" width=\"150\" height=\"150\"><\/p>\n<p>Die Angeltouren finden in verschiedenen Gew\u00e4ssern in Norddeutschland statt, so dass f\u00fcr Sie mit Sicherheit etwas dabei ist. Die Jahreszeiten und Gew\u00e4sserbereiche sind der jeweiligen Fischart so angepasst, dass Sie optimale Bedingungen vorfinden. Es besteht f\u00fcr Sie immer die Chance auf einen au\u00dfergew\u00f6hnlichen Fang. Selbst wenn Sie noch blutiger Anf\u00e4nger sind, haben Sie bei uns gute M\u00f6glichkeiten, Ihren Traumfisch zu fangen. Bei den Angeltouren steht nicht nur der Fischfang im Vordergrund, sondern Sie werden auch verschiedene Techniken bzw. Angelarten kennen lernen. Die Angeltouren sind gleichzeitig auch Schulungstouren.<\/p>\n<p>Wir nehmen uns genug Zeit f\u00fcr Sie, so dass die gewonnenen Erfahrungen nicht nur direkt vor Ort umsetzen k\u00f6nnen, sondern auch daheim davon profitieren.<\/p>\n<p><strong><span style=\"color: #0000ff;\">R\u00fcgen:<\/span><\/strong> Angeltouren auf Hecht, Barsch, Zander, Lachs, Meerforelle, Plattfisch und Dorsch.<\/p>\n<p><span style=\"color: #0000ff;\">Neu:<\/span> Angelkarten f\u00fcr die K\u00fcstengew\u00e4sser MV gibt es hier&nbsp;<span style=\"color: #0000ff;\">(<a href=\"https:\/\/erlaubnis.angeln-mv.de\/\"><span style=\"color: #0000ff; font-family: sans-serif;\">https:\/\/erlaubnis.angeln-mv.de\/<\/span><\/a>).&nbsp;<span style=\"color: #000000;\">Wer noch keinen&nbsp;Fischereischein besitzt kann bei einem der <span style=\"color: #0000ff;\"><a title=\"befristeterTouristenfischereischein-angeln-ruegen-Angelschule\" href=\"http:\/\/www.lallf.de\/fileadmin\/media\/PDF\/fischer\/Aemter_Gemeinden_Staedte.pdf\"><span style=\"color: #0000ff;\">\u00f6rtlichen Ordnungs\u00e4mter in M-V<\/span><\/a><\/span> einen zeitlich befristeten&nbsp;Fischereischein (Touristenfischereischein) erwerben. Teilweise gibt es die Touristenangelscheine bzw. die Angelkarten auch vor Ort in Hafenb\u00fcros. <\/span><\/span><\/p>\n<p>Die Boddengew\u00e4sser um R\u00fcgen besitzen einen sehr guten Bestand an Hechten. Die Bodden sind nicht nur eines der besten deutschen Hechtgew\u00e4sser, sondern eines der Besten in Europa. Es gibt eine hohe Bestandsdichte von Hechten zwischen 70 cm und 100 cm. Aber gerade die Chance auf einen Hecht jenseits der Metermarke zieht immer mehr Angler aus ganz Europa hier her.<\/p>\n<p><img decoding=\"async\" loading=\"lazy\" class=\"alignleft size-full wp-image-37\" title=\"GuidingHechtMarco\" src=\"http:\/\/angelservice-jubelt.de\/wp-content\/uploads\/2011\/02\/GuidingHechtMarco.jpg\" alt=\"\" width=\"166\" height=\"249\"><\/p>\n<p>In kaum einem anderen Gew\u00e4sser werden so viele Fische zwischen 100 cm und 120 cm gefangen.<\/p>\n<p>Nicht nur der Hechte wegen ist R\u00fcgen ein interessantes Angelrevier.<\/p>\n<p>Barsche, Zander, Dorsche, Meerforellen, Plattfisch und Lachse locken tausende von Anglern an.<\/p>\n<p><img decoding=\"async\" loading=\"lazy\" class=\"alignright size-full wp-image-39\" title=\"GuidinLachs\" src=\"http:\/\/angelservice-jubelt.de\/wp-content\/uploads\/2011\/02\/GuidinLachs.jpg\" alt=\"\" width=\"250\" height=\"166\"><\/p>\n<p><a title=\"Hecht\" href=\"http:\/\/angelservice-jubelt.de\/?page_id=150\">Einzelheiten zu den R\u00fcgentouren.<\/a><\/p>\n<h3>&nbsp;<\/h3>\n<p><img decoding=\"async\" loading=\"lazy\" class=\"size-full wp-image-43\" title=\"GuidingZMichi250\" src=\"http:\/\/angelservice-jubelt.de\/wp-content\/uploads\/2011\/02\/GuidingZMichi250.jpg\" alt=\"\" width=\"250\" height=\"166\"><img decoding=\"async\" loading=\"lazy\" class=\"alignnone size-full wp-image-44\" title=\"GuidingBarsch\" src=\"http:\/\/angelservice-jubelt.de\/wp-content\/uploads\/2011\/02\/GuidingBarsch.jpg\" alt=\"\" width=\"250\" height=\"166\"><\/p>\n<p><a href=\"http:\/\/angelservice-jubelt.de\/wp-content\/uploads\/2011\/02\/Beiss650Pix.jpg\" data-rel=\"lightbox-image-0\" data-rl_title=\"\" data-rl_caption=\"\"><img decoding=\"async\" loading=\"lazy\" class=\"aligncenter size-full wp-image-4619\" title=\"\" src=\"http:\/\/angelservice-jubelt.de\/wp-content\/uploads\/2011\/02\/Beiss650Pix.jpg\" alt=\"\" width=\"648\" height=\"150\" srcset=\"http:\/\/angelservice-jubelt.de\/wp-content\/uploads\/2011\/02\/Beiss650Pix.jpg 648w, http:\/\/angelservice-jubelt.de\/wp-content\/uploads\/2011\/02\/Beiss650Pix-300x69.jpg 300w\" sizes=\"(max-width: 648px) 100vw, 648px\" \/><\/a><\/p>\n","protected":false},"excerpt":{"rendered":"<p>Guiding in Norddeutschland (R\u00fcgen) auf verschiedene Fischarten. Falls Sie einmal eine gef\u00fchrte, fachkundige Angeltour unternehmen m\u00f6chten, sind Sie &nbsp;hier genau richtig. Sie k\u00f6nnen mit mir oder einem meiner Freunde\/Angelguide\u00b4s auf verschiedenste Fischarten angeln. Wir bieten auch verschieden Angellehrg\u00e4nge (Angelschule-Ruegen) an. &hellip; <a href=\"http:\/\/angelservice-jubelt.de\/?page_id=22\">Weiterlesen <span class=\"meta-nav\">&rarr;<\/span><\/a><\/p>\n","protected":false},"author":1,"featured_media":0,"parent":0,"menu_order":0,"comment_status":"open","ping_status":"open","template":"","meta":[],"_links":{"self":[{"href":"http:\/\/angelservice-jubelt.de\/index.php?rest_route=\/wp\/v2\/pages\/22"}],"collection":[{"href":"http:\/\/angelservice-jubelt.de\/index.php?rest_route=\/wp\/v2\/pages"}],"about":[{"href":"http:\/\/angelservice-jubelt.de\/index.php?rest_route=\/wp\/v2\/types\/page"}],"author":[{"embeddable":true,"href":"http:\/\/angelservice-jubelt.de\/index.php?rest_route=\/wp\/v2\/users\/1"}],"replies":[{"embeddable":true,"href":"http:\/\/angelservice-jubelt.de\/index.php?rest_route=%2Fwp%2Fv2%2Fcomments&post=22"}],"version-history":[{"count":56,"href":"http:\/\/angelservice-jubelt.de\/index.php?rest_route=\/wp\/v2\/pages\/22\/revisions"}],"predecessor-version":[{"id":8931,"href":"http:\/\/angelservice-jubelt.de\/index.php?rest_route=\/wp\/v2\/pages\/22\/revisions\/8931"}],"wp:attachment":[{"href":"http:\/\/angelservice-jubelt.de\/index.php?rest_route=%2Fwp%2Fv2%2Fmedia&parent=22"}],"curies":[{"name":"wp","href":"https:\/\/api.w.org\/{rel}","templated":true}]}}