{"id":204,"date":"2011-03-22T08:57:32","date_gmt":"2011-03-22T08:57:32","guid":{"rendered":"http:\/\/angelservice-jubelt.de\/?page_id=204"},"modified":"2021-11-24T18:02:09","modified_gmt":"2021-11-24T18:02:09","slug":"rugen","status":"publish","type":"page","link":"http:\/\/angelservice-jubelt.de\/?page_id=204","title":{"rendered":"R\u00fcgen &#8211; Info &#8211; Angelkarten"},"content":{"rendered":"<p><span style=\"font-size: small; color: #000000;\">Hier finden Sie unsere Unterk\u00fcnfte und Infos zu den einzelnen Standorten (Starth\u00e4fen) und <span style=\"color: #ff0000;\">Angelkarten<\/span>.\u00a0<\/span><span style=\"color: #000000; font-size: small;\">Au\u00dferdem interessante Ausflugs\/Urlaubsziele auf der Insel R\u00fcgen <span style=\"color: #0000ff;\">(siehe weiter unten).<\/span><\/span><\/p>\n<p><span style=\"font-size: small; color: #000000;\">Je nach Jahreszeit und Fischart starten unsere Angeltouren von Schaprode, Stralsund, Breege, Glowe und Ralswiek und manchmal auch flexibel mit Trailer.<\/span> <span style=\"color: #0000ff;\"><strong><span style=\"font-size: small;\"><span style=\"color: #0000ff;\"><a title=\"Ruegen Unterkunft\" href=\"http:\/\/angelservice-jubelt.de\/?page_id=3647\" target=\"_blank\" rel=\"noopener\">Unterk\u00fcnfte hier.<\/a>\u00a0<\/span><\/span><\/strong><\/span><\/p>\n<p><span style=\"font-size: small;\"><span style=\"color: #000000;\">Hier die einzelnen H\u00e4fen\/Angelger\u00e4teh\u00e4ndler\/ Touristmuszentralen wo man Angelkarten\/Touristenfischereischeine \/Wattw\u00fcrmer erwerben kann.\u00a0<span style=\"color: #ff0000;\">Bitte immer vorher anrufen wegen \u00d6ffnungszeiten\/Verf\u00fcgbarkeit.\u00a0<\/span><\/span><\/span><\/p>\n<p><span style=\"font-size: 10pt;\"><span style=\"color: #000000;\"><a href=\"http:\/\/www.hafen-schaprode.de\/\" target=\"_blank\" rel=\"noopener\">Hafen Schaprode:<\/a> 038309\/ 1209 &#8211; <a href=\"https:\/\/www.xn--kapitnshuser-kcbd.de\/\" target=\"_blank\" rel=\"noopener\">Hafen Breege: 038391 \/ 579<\/a>\u00a0 \u00a0 \u00a0 \u00a0 \u00a0 \u00a0 \u00a0 <a href=\"http:\/\/www.hafen-glowe.de\/\" target=\"_blank\" rel=\"noopener\">Hafen Glowe: 038302 \/ 53444<\/a> &#8211; <a href=\"https:\/\/www.auf-nach-mv.de\/reiseziele\/a-hafen-ralswiek\" target=\"_blank\" rel=\"noopener\">Hafen Ralswiek:\u00a003838 \/ 315610<\/a><\/span><\/span><\/p>\n<p><span style=\"font-size: 10pt; color: #000000;\"><a href=\"https:\/\/erlaubnis.angeln-mv.de\/\" target=\"_blank\" rel=\"noopener\">Angelkarten online:\u00a0https:\/\/erlaubnis.angeln-mv.de\/<\/a> &#8211; Mit Visa-oder Mastercard\u00a0<\/span><\/p>\n<p><a href=\"https:\/\/www.lallf.de\/fischerei\/fischereiverbaende-behoerde\/?fbclid=IwAR3Te1hQq8DzJxI-CWDCIFP8v5FX5T3QZfwBdNNOSLgNY95Q5_T84dSn1RM\" target=\"_blank\" rel=\"noopener\">Alle \u00c4mter f\u00fcr den Touristenfischereischein<\/a>.<\/p>\n<p><span style=\"font-size: 10pt;\"><span style=\"color: #000000; font-size: small;\">Angelger\u00e4teh\u00e4ndler: <\/span><\/span><\/p>\n<ul>\n<li><span style=\"font-size: 10pt; color: #000000;\"><span style=\"font-size: small;\"><span style=\"color: #000000;\">Angeltreff R\u00fcgen, K\u00f6nigsstra\u00dfe 20, 18528 Bergen, Telefon: 03838\/25476<\/span>3 <\/span><\/span><\/li>\n<li><span style=\"font-size: 10pt; color: #000000;\"><span style=\"font-size: small;\"><span style=\"color: #000000;\">Fundgrube Pror, Proraer Chaussee 4, 18609 Ostseebad Binz, Telefon: 038393\/2406<\/span><\/span><\/span><\/li>\n<li><span style=\"color: #000000; font-size: 10pt;\">Angeljoe\u00a0Stralsund, Greifswalder Chaussee 50, 18439 Stralsund, Telefon: 03831\/3092305<\/span><\/li>\n<li><span style=\"color: #000000; font-size: 10pt;\">Angelkarten (au\u00dfer Touristenfischereischein) gibt es auch an der Araltankstelle in Stralsund, Greifswalder Chaussee 62, Telefon:\u00a003831 270126<\/span><\/li>\n<\/ul>\n<p>&nbsp;<\/p>\n<p style=\"text-align: center;\"><a title=\"Unterkuenfte R\u00fcgen - Angeln\" href=\"http:\/\/angelservice-jubelt.de\/?page_id=3647\" target=\"_blank\" rel=\"noopener\"><img decoding=\"async\" loading=\"lazy\" class=\"size-full wp-image-4727 alignnone\" title=\"Insel-600\" src=\"http:\/\/angelservice-jubelt.de\/wp-content\/uploads\/2011\/03\/Insel-600.jpg\" alt=\"\" width=\"450\" height=\"450\" srcset=\"http:\/\/angelservice-jubelt.de\/wp-content\/uploads\/2011\/03\/Insel-600.jpg 600w, http:\/\/angelservice-jubelt.de\/wp-content\/uploads\/2011\/03\/Insel-600-150x150.jpg 150w, http:\/\/angelservice-jubelt.de\/wp-content\/uploads\/2011\/03\/Insel-600-300x300.jpg 300w\" sizes=\"(max-width: 450px) 100vw, 450px\" \/><\/a><\/p>\n<p>&nbsp;<\/p>\n<h3><span style=\"font-size: small;\"><img decoding=\"async\" loading=\"lazy\" class=\"aligncenter size-full wp-image-2370\" title=\"ruegenmagicGruen\" src=\"http:\/\/angelservice-jubelt.de\/wp-content\/uploads\/2011\/03\/ruegenmagicGruen.gif\" alt=\"\" width=\"180\" height=\"170\" \/>Wird pr\u00e4sentiert von &#8222;R\u00fcgenmagic&#8220;.\u00a0<\/span><span style=\"font-size: small;\"><a title=\"r\u00fcgenmagic\" href=\"http:\/\/www.ruegenmagic.de\/\">www.ruegenmagic.de<\/a> hilft bei der Unterkunftssuche und beim <\/span><span style=\"font-size: small;\">Kennenlernen der Insel R\u00fcgen und bietet Ihnen gute Informationen zum Thema <\/span><span style=\"font-size: small;\">\u201cAngeln R\u00fcgen\u201d.<\/span><span style=\"font-size: 16px;\">\u00a0<\/span><\/h3>\n<p><span style=\"font-size: small; color: #0000ff;\"><strong>Nachfolgend m\u00f6chte ich Ihnen einige ausgew\u00e4hlte touristische Seiten der Insel R\u00fcgen vorstellen. Hier lohnt ein Besuch Ihrer ganzen\u00a0Familie!!\u00a0<a href=\"https:\/\/www.feline-holidays.de\/artikel\/ferienhaus-rugen\" target=\"_blank\" rel=\"noopener\"><img decoding=\"async\" loading=\"lazy\" class=\"alignnone size-full wp-image-10435\" src=\"http:\/\/angelservice-jubelt.de\/wp-content\/uploads\/2021\/11\/felineholidays.png\" alt=\"\" width=\"185\" height=\"62\" \/><\/a><\/strong><\/span><\/p>\n<p><a title=\"Karls-hof-Angeln-Ruegen\" href=\"http:\/\/www.karls.de\/zirkow.html\"><img decoding=\"async\" loading=\"lazy\" class=\"aligncenter size-full wp-image-2236\" title=\"Karlshof-Angeln-Jubelt\" src=\"http:\/\/angelservice-jubelt.de\/wp-content\/uploads\/2011\/03\/Karlshof-Angeln-Jubelt.jpg\" alt=\"\" width=\"199\" height=\"158\" \/><\/a><\/p>\n<p><a title=\"Inselrodelbahn Bergen - R\u00fcgen\" href=\"http:\/\/www.inselrodelbahn-bergen.de\/index.php?option=com_impressum&amp;view=impressum&amp;id=0&amp;Itemid=131\" target=\"_blank\" rel=\"noopener\"><img decoding=\"async\" loading=\"lazy\" class=\"aligncenter size-full wp-image-4888\" title=\"logoInselrodelbahn\" src=\"http:\/\/angelservice-jubelt.de\/wp-content\/uploads\/2011\/03\/logoInselrodelbahn1.png\" alt=\"\" width=\"280\" height=\"80\" \/><\/a><\/p>\n<p><a title=\"Angeln-ruegen-Dinoland\" href=\"http:\/\/www.dinosaurierland-ruegen.de\/\" target=\"_blank\" rel=\"noopener\"><img decoding=\"async\" loading=\"lazy\" class=\"aligncenter size-medium wp-image-2235\" title=\"Dinoland\" src=\"http:\/\/angelservice-jubelt.de\/wp-content\/uploads\/2011\/03\/Dinoland-300x189.jpg\" alt=\"\" width=\"300\" height=\"189\" \/><\/a><\/p>\n<p>&nbsp;<\/p>\n<p><a title=\"R\u00fcgen Urlaub\" href=\"http:\/\/www.ostsee24.de\/ostsee-urlaub\/aktivurlaub\/ostsee-angeln\" target=\"_blank\" rel=\"noopener\"><img decoding=\"async\" loading=\"lazy\" class=\"size-full wp-image-4568 alignleft\" title=\"Ostsee24\" src=\"http:\/\/angelservice-jubelt.de\/wp-content\/uploads\/2011\/03\/Ostsee241.jpg\" alt=\"\" width=\"400\" height=\"110\" srcset=\"http:\/\/angelservice-jubelt.de\/wp-content\/uploads\/2011\/03\/Ostsee241.jpg 400w, http:\/\/angelservice-jubelt.de\/wp-content\/uploads\/2011\/03\/Ostsee241-300x82.jpg 300w\" sizes=\"(max-width: 400px) 100vw, 400px\" \/><\/a><\/p>\n<p>&nbsp;<\/p>\n","protected":false},"excerpt":{"rendered":"<p>Hier finden Sie unsere Unterk\u00fcnfte und Infos zu den einzelnen Standorten (Starth\u00e4fen) und Angelkarten.\u00a0Au\u00dferdem interessante Ausflugs\/Urlaubsziele auf der Insel R\u00fcgen (siehe weiter unten). Je nach Jahreszeit und Fischart starten unsere Angeltouren von Schaprode, Stralsund, Breege, Glowe und Ralswiek und manchmal &hellip; <a href=\"http:\/\/angelservice-jubelt.de\/?page_id=204\">Weiterlesen <span class=\"meta-nav\">&rarr;<\/span><\/a><\/p>\n","protected":false},"author":1,"featured_media":0,"parent":0,"menu_order":0,"comment_status":"open","ping_status":"closed","template":"","meta":[],"_links":{"self":[{"href":"http:\/\/angelservice-jubelt.de\/index.php?rest_route=\/wp\/v2\/pages\/204"}],"collection":[{"href":"http:\/\/angelservice-jubelt.de\/index.php?rest_route=\/wp\/v2\/pages"}],"about":[{"href":"http:\/\/angelservice-jubelt.de\/index.php?rest_route=\/wp\/v2\/types\/page"}],"author":[{"embeddable":true,"href":"http:\/\/angelservice-jubelt.de\/index.php?rest_route=\/wp\/v2\/users\/1"}],"replies":[{"embeddable":true,"href":"http:\/\/angelservice-jubelt.de\/index.php?rest_route=%2Fwp%2Fv2%2Fcomments&post=204"}],"version-history":[{"count":102,"href":"http:\/\/angelservice-jubelt.de\/index.php?rest_route=\/wp\/v2\/pages\/204\/revisions"}],"predecessor-version":[{"id":10440,"href":"http:\/\/angelservice-jubelt.de\/index.php?rest_route=\/wp\/v2\/pages\/204\/revisions\/10440"}],"wp:attachment":[{"href":"http:\/\/angelservice-jubelt.de\/index.php?rest_route=%2Fwp%2Fv2%2Fmedia&parent=204"}],"curies":[{"name":"wp","href":"https:\/\/api.w.org\/{rel}","templated":true}]}}