{"id":202,"date":"2011-03-22T08:50:18","date_gmt":"2011-03-22T08:50:18","guid":{"rendered":"http:\/\/angelservice-jubelt.de\/?page_id=202"},"modified":"2019-03-15T18:34:49","modified_gmt":"2019-03-15T18:34:49","slug":"dorsch","status":"publish","type":"page","link":"http:\/\/angelservice-jubelt.de\/?page_id=202","title":{"rendered":"Dorsch-Angeltouren-R\u00fcgen"},"content":{"rendered":"<p>Gefischt wird vom Boot aus mit bis zu&nbsp;5 Personen\/Boot. Die &#8222;R\u00fcgenperle&#8220; nimmt bis 5 G\u00e4ste auf und der &#8222;Wassermann&#8220; bis zu 4 G\u00e4ste.<\/p>\n<p>Sicherheit ist das oberste Gebot und deshalb sind alle vorgeschriebenen Rettungsmittel an Bord. Beim Lachsangeln sind es Rettungsinsel, Rettungsschlinge, Rettungswesten, EPIRB, Funkanlage und Leuchtfeuer.<\/p>\n<p><a href=\"http:\/\/angelservice-jubelt.de\/wp-content\/uploads\/2011\/03\/Ruegenperle3002.jpg\" data-rel=\"lightbox-image-0\" data-rl_title=\"\" data-rl_caption=\"\"><img decoding=\"async\" loading=\"lazy\" class=\"aligncenter size-full wp-image-562\" title=\"\" src=\"http:\/\/angelservice-jubelt.de\/wp-content\/uploads\/2011\/03\/Ruegenperle3002.jpg\" alt=\"\" width=\"300\" height=\"165\"><\/a>Die Dauer der Tagestouren liegen, je nach Jahreszeit, bei 8 Stunden bis 9 Stunden.<\/p>\n<p>Je nach Jahreszeit und Standort ist es auch m\u00f6glich, auf unterschiedliche Fischarten gleichzeitig zu fischen. Die Angelgr\u00fcnde der unterschiedlichen Fischarten liegen oft dicht beieinander. <span style=\"color: #0000ff;\">Im Sommer sind Wracktouren auf Dorsch sehr erfolgreich.<\/span><\/p>\n<p>So ist es m\u00f6glich, an einem Tag Hecht\/Dorsch oder Meerforelle\/Dorsch gleicherma\u00dfen zu befischen.<\/p>\n<h3>Ger\u00e4teempfehlung Dorsch<\/h3>\n<p>Ger\u00e4t wie beim Hechtfischen Rute, Rolle, Schnur und Vorfach bleiben gleich. Wir fischen in Tiefen zwischen 5 m und 45 m wobei meist 10 m bis 25 m Wassertiefe f\u00fcr den Dorschfang ausreichen.<\/p>\n<p><img decoding=\"async\" loading=\"lazy\" title=\"DorschmitGummi\" src=\"http:\/\/angelservice-jubelt.de\/wp-content\/uploads\/2011\/03\/DorschmitGummi.jpg\" alt=\"\" width=\"250\" height=\"166\">Die passenden Gummik\u00f6der sollten zwischen 10 cm und 15 cm liegen, mit Kopfgewichte von 40 und 80 g. In der Regel kommen 25 bis 50 g K\u00f6pfe zum Einsatz. Trotzdem m\u00fcssen einzelne schwerere K\u00f6pfe f\u00fcr <img decoding=\"async\" loading=\"lazy\" title=\"Dorschgummi\" src=\"http:\/\/angelservice-jubelt.de\/wp-content\/uploads\/2011\/03\/Dorschgummi.jpg\" alt=\"\" width=\"167\" height=\"250\">starke Drift oder gr\u00f6\u00dfere Tiefen immer parat sein. Pilker mit Gewichten zwischen 50 g und 150 g sollten Sie auch mitbringen. Rot &#8211; rot\/schwarz &#8211; braun &#8211; orange &#8211; blau\/wei\u00df.<\/p>\n<p>In den w\u00e4rmeren Monaten (Mai bis September) fahren wir&nbsp;viele Wracktouren. <a href=\"http:\/\/angelservice-jubelt.de\/wp-content\/uploads\/2011\/03\/Wrack1.jpg\" data-rel=\"lightbox-image-1\" data-rl_title=\"\" data-rl_caption=\"\"><img decoding=\"async\" loading=\"lazy\" class=\"aligncenter size-full wp-image-568\" title=\"\" src=\"http:\/\/angelservice-jubelt.de\/wp-content\/uploads\/2011\/03\/Wrack1.jpg\" alt=\"\" width=\"300\" height=\"200\"><\/a>Hier werden oft gr\u00f6\u00dfere Dorsch gefangen. Das Ger\u00e4t sollte hier etwas st\u00e4rker ausfallen um die Dorsche auch schnell vom Wrack weg zu bekommen. <span style=\"color: #000080;\">Eine Rute um 100-150 g WG mit einer 20 er bis 25 er geflochteren Schnur sollte es schon sein.<\/span><\/p>\n<h3>Ger\u00e4teempfehlung&nbsp; Meerforelle<\/h3>\n<p>Ruten: Spinnruten von ca. 240 cm bis 300 cm und ein <span style=\"color: #0000ff;\">WG von etwa 50 g<\/span><\/p>\n<p>Empfehlung: Fox Ulton&nbsp;<a href=\"http:\/\/angelservice-jubelt.de\/wp-content\/uploads\/2011\/03\/Fox-Rage-Fluocarbon-Schnur-Drop-n-Jig-50m-9110.jpg\" data-rel=\"lightbox-image-2\" data-rl_title=\"\" data-rl_caption=\"\"><img decoding=\"async\" loading=\"lazy\" class=\"alignleft size-full wp-image-6976\" title=\"\" src=\"http:\/\/angelservice-jubelt.de\/wp-content\/uploads\/2011\/03\/Fox-Rage-Fluocarbon-Schnur-Drop-n-Jig-50m-9110.jpg\" alt=\"\" width=\"370\" height=\"447\" srcset=\"http:\/\/angelservice-jubelt.de\/wp-content\/uploads\/2011\/03\/Fox-Rage-Fluocarbon-Schnur-Drop-n-Jig-50m-9110.jpg 370w, http:\/\/angelservice-jubelt.de\/wp-content\/uploads\/2011\/03\/Fox-Rage-Fluocarbon-Schnur-Drop-n-Jig-50m-9110-248x300.jpg 248w\" sizes=\"(max-width: 370px) 100vw, 370px\" \/><\/a><\/p>\n<p>Rollen: Die Spinnrolle sollte mit etwa 150m, 28er Monofile, oder besser ein ca. 12\/14 er Geflochtene bespult sein. In letzteren Fall kann die Rute auch noch etwas &#8222;schwabbeliger&#8220; ausfallen, damit die hektischen Schl\u00e4ge gut abgepuffert werden.<\/p>\n<p><img decoding=\"async\" loading=\"lazy\" title=\"Meerforellenkoeder\" src=\"http:\/\/angelservice-jubelt.de\/wp-content\/uploads\/2011\/03\/Meerforellenkoeder.jpg\" alt=\"\" width=\"250\" height=\"375\">Empfehlung: Rollengr\u00f6\u00dfen 3000 er bis 3500 er<\/p>\n<p>In beiden F\u00e4llen sollte noch ein 35 er Fluocarbonvorfach verwendet werden.<\/p>\n<p>Schlanke Meerforellenk\u00f6der mit Gewichten um 20-28 g sind ideal.<\/p>\n<p>Bei den Farben sollten Blau\/Silber, Silber, Rot\/Schwarz, Gold und Kupfer nicht fehlen.<\/p>\n<p><strong>Preise f\u00fcr Wurftouren auf Hecht, Zander, Barsch, Meerforelle entnehmen Sie bitte der <a title=\"Preise Guiding\" href=\"http:\/\/angelservice-jubelt.de\/?page_id=136\">Preisliste<\/a>.<\/strong><\/p>\n","protected":false},"excerpt":{"rendered":"<p>Gefischt wird vom Boot aus mit bis zu&nbsp;5 Personen\/Boot. Die &#8222;R\u00fcgenperle&#8220; nimmt bis 5 G\u00e4ste auf und der &#8222;Wassermann&#8220; bis zu 4 G\u00e4ste. Sicherheit ist das oberste Gebot und deshalb sind alle vorgeschriebenen Rettungsmittel an Bord. Beim Lachsangeln sind es &hellip; <a href=\"http:\/\/angelservice-jubelt.de\/?page_id=202\">Weiterlesen <span class=\"meta-nav\">&rarr;<\/span><\/a><\/p>\n","protected":false},"author":1,"featured_media":0,"parent":0,"menu_order":0,"comment_status":"open","ping_status":"open","template":"","meta":[],"_links":{"self":[{"href":"http:\/\/angelservice-jubelt.de\/index.php?rest_route=\/wp\/v2\/pages\/202"}],"collection":[{"href":"http:\/\/angelservice-jubelt.de\/index.php?rest_route=\/wp\/v2\/pages"}],"about":[{"href":"http:\/\/angelservice-jubelt.de\/index.php?rest_route=\/wp\/v2\/types\/page"}],"author":[{"embeddable":true,"href":"http:\/\/angelservice-jubelt.de\/index.php?rest_route=\/wp\/v2\/users\/1"}],"replies":[{"embeddable":true,"href":"http:\/\/angelservice-jubelt.de\/index.php?rest_route=%2Fwp%2Fv2%2Fcomments&post=202"}],"version-history":[{"count":32,"href":"http:\/\/angelservice-jubelt.de\/index.php?rest_route=\/wp\/v2\/pages\/202\/revisions"}],"predecessor-version":[{"id":8973,"href":"http:\/\/angelservice-jubelt.de\/index.php?rest_route=\/wp\/v2\/pages\/202\/revisions\/8973"}],"wp:attachment":[{"href":"http:\/\/angelservice-jubelt.de\/index.php?rest_route=%2Fwp%2Fv2%2Fmedia&parent=202"}],"curies":[{"name":"wp","href":"https:\/\/api.w.org\/{rel}","templated":true}]}}