{"id":178,"date":"2011-03-22T08:35:30","date_gmt":"2011-03-22T08:35:30","guid":{"rendered":"http:\/\/angelservice-jubelt.de\/?page_id=178"},"modified":"2020-07-13T12:52:47","modified_gmt":"2020-07-13T12:52:47","slug":"zander-barsch","status":"publish","type":"page","link":"http:\/\/angelservice-jubelt.de\/?page_id=178","title":{"rendered":"K\u00f6der \/ Ger\u00e4tetips"},"content":{"rendered":"<p>Auf dieser Seite finden Sie Ger\u00e4t\/K\u00f6derempfehlungen f\u00fcr die einzelnen Angeltouren\/ Angelarten. Bitte kaufen Sie sich im Vorfeld Ihr Angelger\u00e4t bei Ihren Angelh\u00e4ndler. Nehmen Sie sich Zeit und bereiten Sie auch alles sorgf\u00e4ltig vor. Vorf\u00e4cher\/Stinger sind nicht \u00fcberall in den passenden Gr\u00f6\u00dfen\/Qualit\u00e4t erh\u00e4ltlich. Hier ist Eigeninitiative (basteln) gefragt.&nbsp;<\/p>\n<p><strong>Mit einer gut Vorbereitung vor der Tour fangen Sie besser! <\/strong>Je nach Fischart\/Ger\u00e4t sollte jeder gen\u00fcgend vorbereitete Verschlei\u00dfteile mitf\u00fchren. Vorf\u00e4cher (verschiedene St\u00e4rken), starke Stinger (passende Gr\u00f6\u00dfen und L\u00e4ngen f\u00fcr die jeweiligen K\u00f6der) und Bleik\u00f6pfe in verschiedenen Ausf\u00fchrungen sind Pflicht.&nbsp;<\/p>\n<p>Ansonsten entstehen zus\u00e4tzliche Kosten f\u00fcr Leihger\u00e4t\/K\u00f6der.&nbsp;<span style=\"color: #000080;\">Meine Preise daf\u00fcr finden Sie weiter unten.&nbsp;<\/span><\/p>\n<p><strong>Leichtes Spinnfischen<\/strong> (Barsch\/ Meerforelle ..): Rute um 30 g WG mit einer mittleren Spinnrolle. Grob 12 er geflochtene Schnur (um 7..8 kg Tragkraft). Stahl\/Titanvorf\u00e4cher von grob 5 bis 7 kg. Ideal geeignet f\u00fcr Gummik\u00f6der 5 bis 10 cm (z.B. <a href=\"https:\/\/www.foxrage.com\/home\/product\/zander-pro-shad?b=Rage&amp;c=soft-baits\" target=\"_blank\" rel=\"noopener\">Zander Po Shad<\/a>), Spinner, <a href=\"https:\/\/www.foxrage.com\/home\/product\/bladed-jigs?b=Rage&amp;c=spinners\" target=\"_blank\" rel=\"noopener\">Chatterbaits<\/a>, Spinnmad\u00b4s, kleiner <a href=\"http:\/\/www.salmo-fishing.com\/de\/produkte\/hornet\" target=\"_blank\" rel=\"noopener\">Wobbler<\/a>.&nbsp;&nbsp;<\/p>\n<p><strong>Mittleres Spinnfischen<\/strong>: (Barsch\/Zander\/ leichtes Hechtangeln .. ): Rute um 50\/60 g WG mit einer mittleren Spinnrolle. Grob 15 er geflochtene Schnur (um 10 kg Tragkraft) und dazu Stahl\/Titanvorf\u00e4cher um 10\/12 kg. Ideal geeignet f\u00fcr Gummik\u00f6der um 10 bis 15 cm, Wobbler\/Jerks zwischen 8 und 12 cm, Spinnerbaits, Chatterbaits&nbsp;<\/p>\n<p><strong>Starkes Spinnfischen:<\/strong> (Hecht\/Zander ..)Rute um 80\/100 G Wg mit eine Spinntolle (z.B 4000 er). Grob eine 20 er\/23 er geflochtene Schnur (um 15 kg Tragkraft) und dazu Stahl\/Ttanvorf\u00e4cher um um 15 kg Tagkaft. Ideal geeignet f\u00fcr Gummik\u00f6der zwischen 15 cm und 23 cm, Wobbler\/Jerks um 12 bis 15 cm.&nbsp;<\/p>\n<p><strong>Schweres Spinnfischen<\/strong>: <a href=\"https:\/\/www.foxrage.com\/home\/product\/terminator-pro-big-bait-spin?b=Rage&amp;c=rods-terminator\" target=\"_blank\" rel=\"noopener\">Big Bait Rute<\/a> um 150 g WG mit einer 25er\/28er geflochtene Schnur (um 20 kg Tragkraft). Fluorocarbonvorf\u00e4cher (um 1 mm) oder Stahl\/Titanvorf\u00e4cher ab 20 kg (besser 25\/30 kg). Ideal f\u00fcr K\u00f6der von 20 cm bis 40 cm.&nbsp;&nbsp;<\/p>\n<p>&nbsp;<\/p>\n<p>&nbsp;<\/p>\n<p>&nbsp;<\/p>\n<p>&nbsp;<\/p>\n<p>&nbsp;<\/p>\n<p>Hier der Salmo Hornet 9.&nbsp;&nbsp;<a title=\"Salmo\" href=\"http:\/\/www.salmo.com.pl\/executor\/\" target=\"_blank\" rel=\"noopener\">http:\/\/www.salmo.com.pl\/en\/perch\/<\/a>&nbsp;\u2013 Die Auswahl ist riesig, auch wenn es nicht alle Modelle bei uns auf dem Markt gibt. F\u00fcr alle Boddenangeler sind einige gute Modelle dabei. Meine aktuellen Empfehlungen: Der Salmo Perch, der Slider, der Hornet 9 und der Executor.&nbsp; Das war\u00b4s erst einmal wieder. Gru\u00df Guido<img decoding=\"async\" src=\"http:\/\/angelservice-jubelt.de\/wp-content\/uploads\/2017\/11\/Hornet-9-News.jpg\"><\/p>\n<p>&nbsp;<\/p>\n","protected":false},"excerpt":{"rendered":"<p>Auf dieser Seite finden Sie Ger\u00e4t\/K\u00f6derempfehlungen f\u00fcr die einzelnen Angeltouren\/ Angelarten. Bitte kaufen Sie sich im Vorfeld Ihr Angelger\u00e4t bei Ihren Angelh\u00e4ndler. Nehmen Sie sich Zeit und bereiten Sie auch alles sorgf\u00e4ltig vor. Vorf\u00e4cher\/Stinger sind nicht \u00fcberall in den passenden &hellip; <a href=\"http:\/\/angelservice-jubelt.de\/?page_id=178\">Weiterlesen <span class=\"meta-nav\">&rarr;<\/span><\/a><\/p>\n","protected":false},"author":1,"featured_media":0,"parent":0,"menu_order":0,"comment_status":"open","ping_status":"open","template":"","meta":[],"_links":{"self":[{"href":"http:\/\/angelservice-jubelt.de\/index.php?rest_route=\/wp\/v2\/pages\/178"}],"collection":[{"href":"http:\/\/angelservice-jubelt.de\/index.php?rest_route=\/wp\/v2\/pages"}],"about":[{"href":"http:\/\/angelservice-jubelt.de\/index.php?rest_route=\/wp\/v2\/types\/page"}],"author":[{"embeddable":true,"href":"http:\/\/angelservice-jubelt.de\/index.php?rest_route=\/wp\/v2\/users\/1"}],"replies":[{"embeddable":true,"href":"http:\/\/angelservice-jubelt.de\/index.php?rest_route=%2Fwp%2Fv2%2Fcomments&post=178"}],"version-history":[{"count":28,"href":"http:\/\/angelservice-jubelt.de\/index.php?rest_route=\/wp\/v2\/pages\/178\/revisions"}],"predecessor-version":[{"id":9774,"href":"http:\/\/angelservice-jubelt.de\/index.php?rest_route=\/wp\/v2\/pages\/178\/revisions\/9774"}],"wp:attachment":[{"href":"http:\/\/angelservice-jubelt.de\/index.php?rest_route=%2Fwp%2Fv2%2Fmedia&parent=178"}],"curies":[{"name":"wp","href":"https:\/\/api.w.org\/{rel}","templated":true}]}}