{"id":150,"date":"2011-03-21T18:26:09","date_gmt":"2011-03-21T18:26:09","guid":{"rendered":"http:\/\/angelservice-jubelt.de\/?page_id=150"},"modified":"2019-03-15T18:56:18","modified_gmt":"2019-03-15T18:56:18","slug":"hecht","status":"publish","type":"page","link":"http:\/\/angelservice-jubelt.de\/?page_id=150","title":{"rendered":"Hecht \/ Barsch \/Zander"},"content":{"rendered":"<p>Die Wurftouren auf Hecht, Barsch, Zander, Dorsch und Meerforellen finden auf R\u00fcgen statt. Gefischt wird vom Boot aus mit bis zu 5 Personen\/Boot. &nbsp;Mit dem <span style=\"color: #0000ff;\">&#8222;Wassermann&#8220;<\/span>&nbsp; (&nbsp;5.60 m lang und 2.10 m breit) k\u00f6nnen wir mit bis zu 4 G\u00e4sten (ideal sind 3 Personen plus Guide) fahren. <img decoding=\"async\" loading=\"lazy\" title=\"Wassermann300\" src=\"http:\/\/angelservice-jubelt.de\/wp-content\/uploads\/2011\/03\/Wassermann300.jpg\" alt=\"\" width=\"300\" height=\"170\"><\/p>\n<p>Mit der <span style=\"color: #0000ff;\">&#8222;R\u00fcgenperle&#8220;<\/span> (7.0 m lang und 2.50 m breit) k\u00f6nnen wir mit bis zu 5 G\u00e4sten (ideal 3-4 G\u00e4ste plus Guide) starten.<a href=\"http:\/\/angelservice-jubelt.de\/wp-content\/uploads\/2011\/03\/Ruegenperle300.jpg\" data-rel=\"lightbox-image-0\" data-rl_title=\"\" data-rl_caption=\"\"><img decoding=\"async\" loading=\"lazy\" class=\"aligncenter size-full wp-image-520\" title=\"\" src=\"http:\/\/angelservice-jubelt.de\/wp-content\/uploads\/2011\/03\/Ruegenperle300.jpg\" alt=\"\" width=\"300\" height=\"165\"><\/a><\/p>\n<p>Sicherheit ist das oberste Gebot und deshalb sind alle vorgeschriebenen Rettungsmittel an Bord. Rettungsinsel, Rettungsschlinge, Rettungswesten, EPIRB, Funkanlage und Leuchtfeuer.<\/p>\n<p style=\"text-align: left;\">Die Dauer der Touren liegen, je nach Jahreszeit, bei gut 8 Stunden. Es gibt auch die <span style=\"color: #0000ff;\">M\u00f6glichkeit auf Verl\u00e4ngerungsstunden (50\u20ac\/angefangene Stunde).<\/span><\/p>\n<p>Je nach Jahreszeit und Standort ist es auch m\u00f6glich, auf unterschiedliche Fischarten gleichzeitig zu fischen. Die Angelgr\u00fcnde der unterschiedlichen Fischarten liegen oft dicht beieinander. So ist es m\u00f6glich, an einem Tag z.B Hecht\/Dorsch oder Meerforelle\/Dorsch gleicherma\u00dfen zu befischen.<\/p>\n<h3><a style=\"color: #ff4b33;\" href=\"http:\/\/angelservice-jubelt.de\/wp-content\/uploads\/2011\/03\/Fox80.png\" data-rel=\"lightbox-image-1\" data-rl_title=\"\" data-rl_caption=\"\"><img decoding=\"async\" loading=\"lazy\" class=\"aligncenter\" title=\"\" src=\"http:\/\/angelservice-jubelt.de\/wp-content\/uploads\/2011\/03\/Fox80.png\" alt=\"\" width=\"100\" height=\"50\"><\/a><\/h3>\n<h3><span style=\"color: #0000ff;\">Ger\u00e4teempfehlung Hecht (K\u00f6der bis 20 cm .. 80 g)<\/span><\/h3>\n<p>Ruten: Spinnruten um 50 bis 100 g WG mit ca. 270 cm L\u00e4nge.<\/p>\n<p>Rollen: Mittlere Spinnrollen mit etwa 150 m geflochtene Schnur der St\u00e4rke 0.23 mm. Eine gut arbeitende Bremse ist wichtig.<\/p>\n<p><img decoding=\"async\" loading=\"lazy\" class=\"alignleft size-full wp-image-153\" title=\"Infinity\" src=\"http:\/\/angelservice-jubelt.de\/wp-content\/uploads\/2011\/03\/Infinity.jpg\" alt=\"\" width=\"250\" height=\"166\">Empfehlung: Daiwa Infinity-Q<\/p>\n<p>Schnur: Eine geflochtene Schnur ist Pflicht! F\u00fcr eine gute Bisserkennung kann eine farbige Schnur von Vorteil sein. Eine 18 er (bei 80 g Ruten) ist f\u00fcr die Bodden optimal. <span style=\"color: #000080;\">Im Zweifelsfall lieber eine 20er oder 22er, als eine 16er!!! &nbsp;Es kommt bei uns nicht auf Wurfweite an!<\/span><\/p>\n<p>Empfehlung: Geflochte Schnur in <span style=\"color: #ffff00;\">gelber<\/span> oder&nbsp;<span style=\"color: #ff0000;\">roter Farbe<\/span><\/p>\n<p>Die geflochtene Schnur muss knallhart aufgespult werden, damit es nicht zu Per\u00fccken beim Werfen kommt. Au\u00dferdem <img decoding=\"async\" loading=\"lazy\" class=\"alignright size-full wp-image-154\" title=\"Drillhecht\" src=\"http:\/\/angelservice-jubelt.de\/wp-content\/uploads\/2011\/03\/Drillhecht.jpg\" alt=\"\" width=\"180\" height=\"270\">gibt es dann mehr Wurfweite. Eine farbige Schnur l\u00e4sst sich bei tr\u00fcbem oder windigem Wetter besser beobachten. So lassen sich schon fr\u00fchzeitig einige Bisse erkennen.<\/p>\n<p>Vorfach: 7*7 Stahl mit <span style=\"color: #000080;\">15kg bis 20kg<\/span> Tragkraft in dunkler (Braun), nicht gl\u00e4nzender Farbe. Ganz wichtig sind gute Einh\u00e4nger mit Spannkraft. Sehr zu empfehlen ist der<a href=\"http:\/\/angelservice-jubelt.de\/wp-content\/uploads\/2011\/03\/Snap.jpg\" data-rel=\"lightbox-image-2\" data-rl_title=\"\" data-rl_caption=\"\" title=\"\"><br \/>\n<\/a><span style=\"color: #0000ff;\"><a title=\"Snap-Fox-Jubelt-Ruegen\" href=\"http:\/\/www.foxrage.com\/catalogues-sections-products.php?section=8&amp;catalogue=5\" target=\"_blank\" rel=\"noopener\"><span style=\"color: #0000ff;\">Surefit Snap von Fox<\/span><\/a><\/span>&nbsp;in Gr\u00f6\u00dfe 2\/0. Dieser Karabiner hat den Vorteil, dass er ein schnellen K\u00f6derwechsel zul\u00e4sst aber trotzdem zuverl\u00e4ssig h\u00e4lt.<img decoding=\"async\" loading=\"lazy\" class=\"alignleft size-full wp-image-158\" title=\"tn_7x7noncoated\" src=\"http:\/\/angelservice-jubelt.de\/wp-content\/uploads\/2011\/03\/tn_7x7noncoated.jpg\" alt=\"\" width=\"200\" height=\"125\"><\/p>\n<p><img decoding=\"async\" loading=\"lazy\" class=\"size-full wp-image-157 alignright\" title=\"tn_33_41_02\" src=\"http:\/\/angelservice-jubelt.de\/wp-content\/uploads\/2011\/03\/tn_33_41_02.jpg\" alt=\"\" width=\"136\" height=\"125\"><\/p>\n<p>K\u00f6der: Stehen die Hechte recht flach bis etwa 3 m, so kommen alle g\u00e4ngigen K\u00f6der wie Spinner, Blinker, Jerks oder Wobbler zum Einsatz. Je tiefer es wird, je effizienter werden Gummik\u00f6der. Gummik\u00f6der sind unsere am h\u00e4ufigsten verwendetsten K\u00f6der. Die Gr\u00f6\u00dfen liegen bei 15 cm bis 30 cm.<\/p>\n<p><a href=\"http:\/\/angelservice-jubelt.de\/wp-content\/uploads\/2011\/03\/Zander-Pro-Koeder-Bodden-Angeln1.jpg\" data-rel=\"lightbox-image-3\" data-rl_title=\"\" data-rl_caption=\"\"><img decoding=\"async\" loading=\"lazy\" class=\"alignleft size-full wp-image-4986\" title=\"\" src=\"http:\/\/angelservice-jubelt.de\/wp-content\/uploads\/2011\/03\/Zander-Pro-Koeder-Bodden-Angeln1.jpg\" alt=\"\" width=\"250\" height=\"364\" srcset=\"http:\/\/angelservice-jubelt.de\/wp-content\/uploads\/2011\/03\/Zander-Pro-Koeder-Bodden-Angeln1.jpg 250w, http:\/\/angelservice-jubelt.de\/wp-content\/uploads\/2011\/03\/Zander-Pro-Koeder-Bodden-Angeln1-206x300.jpg 206w\" sizes=\"(max-width: 250px) 100vw, 250px\" \/><\/a>Bei den Bleik\u00f6pfen sind Kopfgewichte zwischen 5 g und 35 g meist ausreichend. Die Hakengr\u00f6\u00dfe liegt meist bei 6\/0 er wobei noch ein Zusatzdrilling verwendet wird. Der Zusatzdrilling bringt deutlich mehr Fisch. Die Drillingsgr\u00f6\u00dfe sollte bei 1er oder 1\/0 er oder 2\/0 er liegen liegen und die Gesamtl\u00e4nge (Drilling und Draht) zusammen bei etwa 12cm (f\u00fcr 15er Gummis). Bei gro\u00dfen Gummis ab 20 cm kommen 2 Zusatzdrillinge der Gr\u00f6\u00dfe 1\/0 oder 2\/0 in Frage. Ein Kopfdrillinge und einen Schwanzdrilling.<\/p>\n<p>&nbsp;<\/p>\n<h3>&nbsp;<\/h3>\n<h3><span style=\"color: #0000ff; font-size: 16px;\">Ger\u00e4teempfehlung Barsch:<\/span><\/h3>\n<h3><span style=\"color: #0000ff; font-size: 16px;\"><a href=\"http:\/\/angelservice-jubelt.de\/wp-content\/uploads\/2011\/03\/Fox80.png\" data-rel=\"lightbox-image-4\" data-rl_title=\"\" data-rl_caption=\"\"><img decoding=\"async\" loading=\"lazy\" class=\"size-full wp-image-4861 alignleft\" title=\"\" src=\"http:\/\/angelservice-jubelt.de\/wp-content\/uploads\/2011\/03\/Fox80.png\" alt=\"\" width=\"100\" height=\"50\"><\/a><\/span><\/h3>\n<p>&nbsp;<\/p>\n<p>&nbsp;<\/p>\n<p>Ruten um 2 bis 2.7 m L\u00e4nge mit ca. 10..40 g WG &#8211; (Empfehlung: Terminator &#8211; Crank &amp; Jig mit 7-28g und 2,45 m oder Ultron Jigging &#8211; Spezialist mit 2.55 m und 7-24 g WG).<\/p>\n<p>Eine 2500..3500er Rolle mit einer 0.12 er geflochtene Schnur. Dazu Stahl\/Titanvorf\u00e4cher um 7 kg Tragkraft.<\/p>\n<p>Eine Kombirute Zander\/Barsch geht auch. Die Rute um 2.2 bis 2,7 m mit ca 60 g WG, einer 15 er Geflochtene und Stahl\/Titanvorf\u00e4cher um 10 kg sollte es sein.<\/p>\n<p><img decoding=\"async\" loading=\"lazy\" class=\"aligncenter size-full wp-image-4857\" style=\"line-height: 18px;\" title=\"Barsch-Angeln-MV-Ruegen-Bodden-Jubelt\" src=\"http:\/\/angelservice-jubelt.de\/wp-content\/uploads\/2011\/03\/Barsch-Angeln-MV-Ruegen-Bodden-Jubelt.jpg\" alt=\"\" width=\"500\" height=\"750\" srcset=\"http:\/\/angelservice-jubelt.de\/wp-content\/uploads\/2011\/03\/Barsch-Angeln-MV-Ruegen-Bodden-Jubelt.jpg 500w, http:\/\/angelservice-jubelt.de\/wp-content\/uploads\/2011\/03\/Barsch-Angeln-MV-Ruegen-Bodden-Jubelt-200x300.jpg 200w\" sizes=\"(max-width: 500px) 100vw, 500px\" \/><\/p>\n<p><span style=\"color: #0000ff;\"><a title=\"K\u00f6der-Fox\" href=\"http:\/\/www.foxrage.com\/catalogues-sections-products.php?section=17&amp;catalogue=5\" target=\"_blank\" rel=\"noopener\">K\u00f6der:<\/a><\/span>&nbsp;Meist benutzen wir Gummik\u00f6der zwischen 5 und 12 cm.<span style=\"color: #0000ff;\"> <a title=\"Fox-Rage-Gummik\u00f6der-Angeln-Ruegen\" href=\"http:\/\/www.foxrage.com\/catalogues-sections-products.php?section=17&amp;catalogue=5\" target=\"_blank\" rel=\"noopener\"><span style=\"color: #0000ff;\">Zander Pro, Minni Fly, Spikey<\/span><\/a><\/span>, und verschieden &#8222;No Action&#8220; K\u00f6der sind ideal. Auch kleine\/mittlere Wobbler mit Lauftiefen zwischen 50 cm und 3 m kommen zum Einsatz. Slick Stick und Funk Bug &#8230; sind unsere 1. Wahl. Nicht zu vergessen sind Blinker, Spin Mad\u00b4s, <a href=\"https:\/\/www.foxrage.com\/home\/product\/bladed-jigs?b=Rage&amp;c=spinners\" target=\"_blank\" rel=\"noopener\">Chatterbaits<\/a> und <a href=\"https:\/\/www.foxrage.com\/home\/product\/spinnerbaits?b=Rage&amp;c=spinners\" target=\"_blank\" rel=\"noopener\">Spinnerbaits<\/a>&nbsp;<\/p>\n<p><span style=\"font-size: small;\"><strong style=\"font-size: 1.4em; line-height: 1.5em;\">Die beste Barschzeit liegt zwischen <span style=\"color: #0000ff;\">Juli und Oktober<\/span>.<\/strong><\/span><\/p>\n<h3>Ger\u00e4teempfehlung Dorsch:<\/h3>\n<p>Ger\u00e4t wie beim Hechtfischen Rute, Rolle, Schnur und Vorfach bleiben gleich. Nur die K\u00f6der m\u00fcssen angepasst werden. Wir fischen in Tiefen zwischen 5 m und 35 m wobei meist 10 m bis 25 m Wassertiefe f\u00fcr den Dorschfang ausreichen.<\/p>\n<p><img decoding=\"async\" loading=\"lazy\" class=\"alignleft size-full wp-image-167\" title=\"DorschmitGummi\" src=\"http:\/\/angelservice-jubelt.de\/wp-content\/uploads\/2011\/03\/DorschmitGummi.jpg\" alt=\"\" width=\"250\" height=\"166\">Die passenden Gummik\u00f6der sollten zwischen 10cm und 15cm liegen, mit Kopfgewichte von 15g und 80g. In der Regel kommen 25g bis 50g K\u00f6pfe zum Einsatz.<\/p>\n<p>Trotzdem m\u00fcssen einzelne schwerere K\u00f6pfe f\u00fcr <img decoding=\"async\" loading=\"lazy\" class=\"alignright size-full wp-image-168\" title=\"Dorschgummi\" src=\"http:\/\/angelservice-jubelt.de\/wp-content\/uploads\/2011\/03\/Dorschgummi.jpg\" alt=\"\" width=\"167\" height=\"250\">starke Drift oder gr\u00f6\u00dfere Tiefen immer parat sein. Pilker mit Gewichten zwischen 50 g und 150 g sollten Sie auch mitbringen. Rot &#8211; rot\/schwarz &#8211; braun &#8211; orange &#8211; blau\/wei\u00df.<\/p>\n<h3><span style=\"color: #0000ff;\">Ger\u00e4teempfehlung Meerforelle<\/span><\/h3>\n<p>Ruten: Spinnruten von ca. 240 cm bis 300 cm und ein WG von etwa 50 g<\/p>\n<p><img decoding=\"async\" loading=\"lazy\" class=\"alignleft size-full wp-image-5441\" title=\"Fox-Fluoro-Carbon-Angeltour-Ruegen\" src=\"http:\/\/angelservice-jubelt.de\/wp-content\/uploads\/2011\/03\/Fox-Fluoro-Carbon-Angeltour-Ruegen.jpg\" alt=\"\" width=\"251\" height=\"224\"><\/p>\n<p>Empfehlung: TERMINATOR- Serie und ULTRON-Serie<\/p>\n<p>Rollen: Die Spinnrolle sollte mit etwa 150m, 28er Monofile, bespult sein und \u00fcber eine feine Bremse verf\u00fcgen. Einige bevorzugen aber auch eine d\u00fcnne (ca. 12er) geflochtene Schnur. In diesem Fall kann die Rute auch noch etwas &#8222;schwabbeliger&#8220; ausfallen, damit die hektischen Schl\u00e4ge gut abgepuffert werden.<\/p>\n<p><img decoding=\"async\" loading=\"lazy\" class=\"alignleft size-full wp-image-172\" title=\"Meerforellenkoeder\" src=\"http:\/\/angelservice-jubelt.de\/wp-content\/uploads\/2011\/03\/Meerforellenkoeder.jpg\" alt=\"\" width=\"250\" height=\"375\" srcset=\"http:\/\/angelservice-jubelt.de\/wp-content\/uploads\/2011\/03\/Meerforellenkoeder.jpg 250w, http:\/\/angelservice-jubelt.de\/wp-content\/uploads\/2011\/03\/Meerforellenkoeder-200x300.jpg 200w\" sizes=\"(max-width: 250px) 100vw, 250px\" \/>Empfehlung: Daiwa Infinity-Q<\/p>\n<p>In beiden F\u00e4llen sollte noch ein 35 er Fluocarbonvorfach verwendet werden.<\/p>\n<p>&nbsp;<\/p>\n<p>Schlanke Meerforellenk\u00f6der mit Gewichten um 20g-28g sind ideal.<a href=\"http:\/\/angelservice-jubelt.de\/wp-content\/uploads\/2011\/03\/InternetseiteMefokoeder.jpg\" data-rel=\"lightbox-image-5\" data-rl_title=\"\" data-rl_caption=\"\"><img decoding=\"async\" loading=\"lazy\" class=\"alignright size-full wp-image-3937\" title=\"\" src=\"http:\/\/angelservice-jubelt.de\/wp-content\/uploads\/2011\/03\/InternetseiteMefokoeder.jpg\" alt=\"\" width=\"350\" height=\"222\" srcset=\"http:\/\/angelservice-jubelt.de\/wp-content\/uploads\/2011\/03\/InternetseiteMefokoeder.jpg 350w, http:\/\/angelservice-jubelt.de\/wp-content\/uploads\/2011\/03\/InternetseiteMefokoeder-300x190.jpg 300w\" sizes=\"(max-width: 350px) 100vw, 350px\" \/><\/a><\/p>\n<p>Bei den Farben sollten Blau\/Silber, Silber, Rot\/Schwarz, Gold und Kupfer nicht fehlen.<\/p>\n<p><strong>Preise f\u00fcr Wurftouren auf Hecht, Zander, Barsch, Meerforelle entnehmen Sie bitte der <a title=\"Preise Guiding\" href=\"http:\/\/angelservice-jubelt.de\/?page_id=136\">Preisliste<\/a>.<\/strong><\/p>\n","protected":false},"excerpt":{"rendered":"<p>Die Wurftouren auf Hecht, Barsch, Zander, Dorsch und Meerforellen finden auf R\u00fcgen statt. Gefischt wird vom Boot aus mit bis zu 5 Personen\/Boot. &nbsp;Mit dem &#8222;Wassermann&#8220;&nbsp; (&nbsp;5.60 m lang und 2.10 m breit) k\u00f6nnen wir mit bis zu 4 G\u00e4sten &hellip; <a href=\"http:\/\/angelservice-jubelt.de\/?page_id=150\">Weiterlesen <span class=\"meta-nav\">&rarr;<\/span><\/a><\/p>\n","protected":false},"author":1,"featured_media":0,"parent":0,"menu_order":0,"comment_status":"open","ping_status":"open","template":"","meta":[],"_links":{"self":[{"href":"http:\/\/angelservice-jubelt.de\/index.php?rest_route=\/wp\/v2\/pages\/150"}],"collection":[{"href":"http:\/\/angelservice-jubelt.de\/index.php?rest_route=\/wp\/v2\/pages"}],"about":[{"href":"http:\/\/angelservice-jubelt.de\/index.php?rest_route=\/wp\/v2\/types\/page"}],"author":[{"embeddable":true,"href":"http:\/\/angelservice-jubelt.de\/index.php?rest_route=\/wp\/v2\/users\/1"}],"replies":[{"embeddable":true,"href":"http:\/\/angelservice-jubelt.de\/index.php?rest_route=%2Fwp%2Fv2%2Fcomments&post=150"}],"version-history":[{"count":63,"href":"http:\/\/angelservice-jubelt.de\/index.php?rest_route=\/wp\/v2\/pages\/150\/revisions"}],"predecessor-version":[{"id":8974,"href":"http:\/\/angelservice-jubelt.de\/index.php?rest_route=\/wp\/v2\/pages\/150\/revisions\/8974"}],"wp:attachment":[{"href":"http:\/\/angelservice-jubelt.de\/index.php?rest_route=%2Fwp%2Fv2%2Fmedia&parent=150"}],"curies":[{"name":"wp","href":"https:\/\/api.w.org\/{rel}","templated":true}]}}